{"id":49,"date":"2025-12-07T13:52:01","date_gmt":"2025-12-07T13:52:01","guid":{"rendered":"https:\/\/www.zappteknoloji.com\/?page_id=49"},"modified":"2025-12-24T12:39:53","modified_gmt":"2025-12-24T12:39:53","slug":"alarm-sistemleri","status":"publish","type":"page","link":"http:\/\/www.zappteknoloji.com\/index.php\/alarm-sistemleri\/","title":{"rendered":"ALARM S\u0130STEMLER\u0130"},"content":{"rendered":"\n<p><strong>Kablolu ve Kablosuz Alarm Sistemlerinin \u00d6nemi \u2013 Zapp teknoloji G\u00fcvencesiyle<\/strong><\/p>\n\n\n\n<p><strong>G\u00fcn\u00fcm\u00fczde g\u00fcvenlik bir l\u00fcks de\u011fil, zorunluluktur. Kablolu ve kablosuz alarm sistemleri; evinizi, i\u015f yerinizi ve sevdiklerinizi 7\/24 koruma alt\u0131na al\u0131rken, Zapp teknoloji olarak bu g\u00fcvenli\u011fi profesyonel \u00e7\u00f6z\u00fcmler ve do\u011fru sistem se\u00e7imiyle bir ad\u0131m \u00f6teye ta\u015f\u0131yoruz. Olas\u0131 h\u0131rs\u0131zl\u0131k, izinsiz giri\u015f ve acil durumlarda an\u0131nda uyar\u0131 sa\u011flayan sistemlerimiz, maddi ve manevi kay\u0131plar\u0131n \u00f6n\u00fcne ge\u00e7meyi hedefler.<\/strong><\/p>\n\n\n\n<p><strong>Kablolu sistemlerde y\u00fcksek stabilite ve uzun \u00f6m\u00fcr, kablosuz sistemlerde ise h\u0131zl\u0131 kurulum ve estetik avantaj sunan Zappteknoloji, ihtiyac\u0131n\u0131za en uygun alarm \u00e7\u00f6z\u00fcmlerini titizlikle planlar ve uygular.<\/strong><br><strong>Zapp teknoloji ile g\u00fcvenlik sadece bir sistem de\u011fil, s\u00fcrd\u00fcr\u00fclebilir bir g\u00fcvencedir.<\/strong><\/p>\n\n\n\n<figure class=\"wp-block-gallery has-nested-images columns-default is-cropped wp-block-gallery-1 is-layout-flex wp-block-gallery-is-layout-flex\">\n<figure class=\"wp-block-image size-full\"><img fetchpriority=\"high\" decoding=\"async\" width=\"1200\" height=\"659\" data-id=\"176\" src=\"http:\/\/www.zappteknoloji.com\/wp-content\/uploads\/2025\/12\/ev-alarm-sistemleri-3.jpg\" alt=\"\" class=\"wp-image-176\" srcset=\"http:\/\/www.zappteknoloji.com\/wp-content\/uploads\/2025\/12\/ev-alarm-sistemleri-3.jpg 1200w, http:\/\/www.zappteknoloji.com\/wp-content\/uploads\/2025\/12\/ev-alarm-sistemleri-3-300x165.jpg 300w, http:\/\/www.zappteknoloji.com\/wp-content\/uploads\/2025\/12\/ev-alarm-sistemleri-3-1024x562.jpg 1024w, http:\/\/www.zappteknoloji.com\/wp-content\/uploads\/2025\/12\/ev-alarm-sistemleri-3-768x422.jpg 768w\" sizes=\"(max-width: 1200px) 100vw, 1200px\" \/><\/figure>\n<\/figure>\n\n\n\n<p><\/p>\n\n<div class=\"zapp-header-marquee\">\n  <div class=\"zapp-header-track\">\n\n    <div class=\"zapp-item\"><div class=\"zapp-title\">HIKVISION<\/div><div class=\"zapp-desc\">G\u00fcvenlik Kamera Sistemleri<\/div><\/div>\n    <div class=\"zapp-item\"><div class=\"zapp-title\">DAHUA<\/div><div class=\"zapp-desc\">IP Kamera Sistemleri<\/div><\/div>\n    <div class=\"zapp-item\"><div class=\"zapp-title\">AJAX<\/div><div class=\"zapp-desc\">Kablosuz Alarm Sistemleri<\/div><\/div>\n    <div class=\"zapp-item\"><div class=\"zapp-title\">PARADOX<\/div><div class=\"zapp-desc\">Alarm Panel Sistemleri<\/div><\/div>\n    <div class=\"zapp-item\"><div class=\"zapp-title\">TP-LINK<\/div><div class=\"zapp-desc\">Network Sistemleri<\/div><\/div>\n\n    <!-- TEKRAR -->\n    <div class=\"zapp-item\"><div class=\"zapp-title\">HIKVISION<\/div><div class=\"zapp-desc\">G\u00fcvenlik Kamera Sistemleri<\/div><\/div>\n    <div class=\"zapp-item\"><div class=\"zapp-title\">DAHUA<\/div><div class=\"zapp-desc\">IP Kamera Sistemleri<\/div><\/div>\n    <div class=\"zapp-item\"><div class=\"zapp-title\">AJAX<\/div><div class=\"zapp-desc\">Kablosuz Alarm Sistemleri<\/div><\/div>\n    <div class=\"zapp-item\"><div class=\"zapp-title\">PARADOX<\/div><div class=\"zapp-desc\">Alarm Panel Sistemleri<\/div><\/div>\n    <div class=\"zapp-item\"><div class=\"zapp-title\">TP-LINK<\/div><div class=\"zapp-desc\">Network Sistemleri<\/div><\/div>\n\n  <\/div>\n<\/div>\n","protected":false},"excerpt":{"rendered":"<p>Kablolu ve Kablosuz Alarm Sistemlerinin \u00d6nemi \u2013 Zapp teknoloji G\u00fcvencesiyle G\u00fcn\u00fcm\u00fczde g\u00fcvenlik bir l\u00fcks de\u011fil, zorunluluktur. Kablolu ve kablosuz alarm sistemleri; evinizi, i\u015f yerinizi ve [&hellip;]<\/p>\n","protected":false},"author":1,"featured_media":0,"parent":0,"menu_order":0,"comment_status":"closed","ping_status":"closed","template":"","meta":{"footnotes":""},"class_list":["post-49","page","type-page","status-publish","hentry"],"yoast_head":"<!-- This site is optimized with the Yoast SEO plugin v27.5 - https:\/\/yoast.com\/product\/yoast-seo-wordpress\/ -->\n<title>ALARM S\u0130STEMLER\u0130 - Zapp teknoloji<\/title>\n<meta name=\"robots\" content=\"index, follow, max-snippet:-1, max-image-preview:large, max-video-preview:-1\" \/>\n<link rel=\"canonical\" href=\"http:\/\/www.zappteknoloji.com\/index.php\/alarm-sistemleri\/\" \/>\n<meta property=\"og:locale\" content=\"tr_TR\" \/>\n<meta property=\"og:type\" content=\"article\" \/>\n<meta property=\"og:title\" content=\"ALARM S\u0130STEMLER\u0130 - Zapp teknoloji\" \/>\n<meta property=\"og:description\" content=\"Kablolu ve Kablosuz Alarm Sistemlerinin \u00d6nemi \u2013 Zapp teknoloji G\u00fcvencesiyle G\u00fcn\u00fcm\u00fczde g\u00fcvenlik bir l\u00fcks de\u011fil, zorunluluktur. Kablolu ve kablosuz alarm sistemleri; evinizi, i\u015f yerinizi ve [&hellip;]\" \/>\n<meta property=\"og:url\" content=\"http:\/\/www.zappteknoloji.com\/index.php\/alarm-sistemleri\/\" \/>\n<meta property=\"og:site_name\" content=\"Zapp teknoloji\" \/>\n<meta property=\"article:modified_time\" content=\"2025-12-24T12:39:53+00:00\" \/>\n<meta property=\"og:image\" content=\"http:\/\/www.zappteknoloji.com\/wp-content\/uploads\/2025\/12\/ev-alarm-sistemleri-3.jpg\" \/>\n<meta name=\"twitter:card\" content=\"summary_large_image\" \/>\n<meta name=\"twitter:label1\" content=\"Tahmini okuma s\u00fcresi\" \/>\n\t<meta name=\"twitter:data1\" content=\"1 dakika\" \/>\n<script type=\"application\/ld+json\" class=\"yoast-schema-graph\">{\"@context\":\"https:\\\/\\\/schema.org\",\"@graph\":[{\"@type\":\"WebPage\",\"@id\":\"http:\\\/\\\/www.zappteknoloji.com\\\/index.php\\\/alarm-sistemleri\\\/\",\"url\":\"http:\\\/\\\/www.zappteknoloji.com\\\/index.php\\\/alarm-sistemleri\\\/\",\"name\":\"ALARM S\u0130STEMLER\u0130 - Zapp teknoloji\",\"isPartOf\":{\"@id\":\"https:\\\/\\\/www.zappteknoloji.com\\\/#website\"},\"primaryImageOfPage\":{\"@id\":\"http:\\\/\\\/www.zappteknoloji.com\\\/index.php\\\/alarm-sistemleri\\\/#primaryimage\"},\"image\":{\"@id\":\"http:\\\/\\\/www.zappteknoloji.com\\\/index.php\\\/alarm-sistemleri\\\/#primaryimage\"},\"thumbnailUrl\":\"http:\\\/\\\/www.zappteknoloji.com\\\/wp-content\\\/uploads\\\/2025\\\/12\\\/ev-alarm-sistemleri-3.jpg\",\"datePublished\":\"2025-12-07T13:52:01+00:00\",\"dateModified\":\"2025-12-24T12:39:53+00:00\",\"breadcrumb\":{\"@id\":\"http:\\\/\\\/www.zappteknoloji.com\\\/index.php\\\/alarm-sistemleri\\\/#breadcrumb\"},\"inLanguage\":\"tr\",\"potentialAction\":[{\"@type\":\"ReadAction\",\"target\":[\"http:\\\/\\\/www.zappteknoloji.com\\\/index.php\\\/alarm-sistemleri\\\/\"]}]},{\"@type\":\"ImageObject\",\"inLanguage\":\"tr\",\"@id\":\"http:\\\/\\\/www.zappteknoloji.com\\\/index.php\\\/alarm-sistemleri\\\/#primaryimage\",\"url\":\"http:\\\/\\\/www.zappteknoloji.com\\\/wp-content\\\/uploads\\\/2025\\\/12\\\/ev-alarm-sistemleri-3.jpg\",\"contentUrl\":\"http:\\\/\\\/www.zappteknoloji.com\\\/wp-content\\\/uploads\\\/2025\\\/12\\\/ev-alarm-sistemleri-3.jpg\",\"width\":1200,\"height\":659},{\"@type\":\"BreadcrumbList\",\"@id\":\"http:\\\/\\\/www.zappteknoloji.com\\\/index.php\\\/alarm-sistemleri\\\/#breadcrumb\",\"itemListElement\":[{\"@type\":\"ListItem\",\"position\":1,\"name\":\"Anasayfa\",\"item\":\"https:\\\/\\\/www.zappteknoloji.com\\\/\"},{\"@type\":\"ListItem\",\"position\":2,\"name\":\"ALARM S\u0130STEMLER\u0130\"}]},{\"@type\":\"WebSite\",\"@id\":\"https:\\\/\\\/www.zappteknoloji.com\\\/#website\",\"url\":\"https:\\\/\\\/www.zappteknoloji.com\\\/\",\"name\":\"Zapp teknoloji\",\"description\":\"S\u0131n\u0131rlar\u0131 A\u015fan teknoloji, Zapp imzas\u0131yla\",\"publisher\":{\"@id\":\"https:\\\/\\\/www.zappteknoloji.com\\\/#organization\"},\"potentialAction\":[{\"@type\":\"SearchAction\",\"target\":{\"@type\":\"EntryPoint\",\"urlTemplate\":\"https:\\\/\\\/www.zappteknoloji.com\\\/?s={search_term_string}\"},\"query-input\":{\"@type\":\"PropertyValueSpecification\",\"valueRequired\":true,\"valueName\":\"search_term_string\"}}],\"inLanguage\":\"tr\"},{\"@type\":\"Organization\",\"@id\":\"https:\\\/\\\/www.zappteknoloji.com\\\/#organization\",\"name\":\"Zapp teknoloji\",\"url\":\"https:\\\/\\\/www.zappteknoloji.com\\\/\",\"logo\":{\"@type\":\"ImageObject\",\"inLanguage\":\"tr\",\"@id\":\"https:\\\/\\\/www.zappteknoloji.com\\\/#\\\/schema\\\/logo\\\/image\\\/\",\"url\":\"http:\\\/\\\/www.zappteknoloji.com\\\/wp-content\\\/uploads\\\/2025\\\/12\\\/cropped-zapp-logo.jpg\",\"contentUrl\":\"http:\\\/\\\/www.zappteknoloji.com\\\/wp-content\\\/uploads\\\/2025\\\/12\\\/cropped-zapp-logo.jpg\",\"width\":160,\"height\":78,\"caption\":\"Zapp teknoloji \"},\"image\":{\"@id\":\"https:\\\/\\\/www.zappteknoloji.com\\\/#\\\/schema\\\/logo\\\/image\\\/\"}}]}<\/script>\n<!-- \/ Yoast SEO plugin. -->","yoast_head_json":{"title":"ALARM S\u0130STEMLER\u0130 - Zapp teknoloji","robots":{"index":"index","follow":"follow","max-snippet":"max-snippet:-1","max-image-preview":"max-image-preview:large","max-video-preview":"max-video-preview:-1"},"canonical":"http:\/\/www.zappteknoloji.com\/index.php\/alarm-sistemleri\/","og_locale":"tr_TR","og_type":"article","og_title":"ALARM S\u0130STEMLER\u0130 - Zapp teknoloji","og_description":"Kablolu ve Kablosuz Alarm Sistemlerinin \u00d6nemi \u2013 Zapp teknoloji G\u00fcvencesiyle G\u00fcn\u00fcm\u00fczde g\u00fcvenlik bir l\u00fcks de\u011fil, zorunluluktur. Kablolu ve kablosuz alarm sistemleri; evinizi, i\u015f yerinizi ve [&hellip;]","og_url":"http:\/\/www.zappteknoloji.com\/index.php\/alarm-sistemleri\/","og_site_name":"Zapp teknoloji","article_modified_time":"2025-12-24T12:39:53+00:00","og_image":[{"url":"http:\/\/www.zappteknoloji.com\/wp-content\/uploads\/2025\/12\/ev-alarm-sistemleri-3.jpg","type":"","width":"","height":""}],"twitter_card":"summary_large_image","twitter_misc":{"Tahmini okuma s\u00fcresi":"1 dakika"},"schema":{"@context":"https:\/\/schema.org","@graph":[{"@type":"WebPage","@id":"http:\/\/www.zappteknoloji.com\/index.php\/alarm-sistemleri\/","url":"http:\/\/www.zappteknoloji.com\/index.php\/alarm-sistemleri\/","name":"ALARM S\u0130STEMLER\u0130 - Zapp teknoloji","isPartOf":{"@id":"https:\/\/www.zappteknoloji.com\/#website"},"primaryImageOfPage":{"@id":"http:\/\/www.zappteknoloji.com\/index.php\/alarm-sistemleri\/#primaryimage"},"image":{"@id":"http:\/\/www.zappteknoloji.com\/index.php\/alarm-sistemleri\/#primaryimage"},"thumbnailUrl":"http:\/\/www.zappteknoloji.com\/wp-content\/uploads\/2025\/12\/ev-alarm-sistemleri-3.jpg","datePublished":"2025-12-07T13:52:01+00:00","dateModified":"2025-12-24T12:39:53+00:00","breadcrumb":{"@id":"http:\/\/www.zappteknoloji.com\/index.php\/alarm-sistemleri\/#breadcrumb"},"inLanguage":"tr","potentialAction":[{"@type":"ReadAction","target":["http:\/\/www.zappteknoloji.com\/index.php\/alarm-sistemleri\/"]}]},{"@type":"ImageObject","inLanguage":"tr","@id":"http:\/\/www.zappteknoloji.com\/index.php\/alarm-sistemleri\/#primaryimage","url":"http:\/\/www.zappteknoloji.com\/wp-content\/uploads\/2025\/12\/ev-alarm-sistemleri-3.jpg","contentUrl":"http:\/\/www.zappteknoloji.com\/wp-content\/uploads\/2025\/12\/ev-alarm-sistemleri-3.jpg","width":1200,"height":659},{"@type":"BreadcrumbList","@id":"http:\/\/www.zappteknoloji.com\/index.php\/alarm-sistemleri\/#breadcrumb","itemListElement":[{"@type":"ListItem","position":1,"name":"Anasayfa","item":"https:\/\/www.zappteknoloji.com\/"},{"@type":"ListItem","position":2,"name":"ALARM S\u0130STEMLER\u0130"}]},{"@type":"WebSite","@id":"https:\/\/www.zappteknoloji.com\/#website","url":"https:\/\/www.zappteknoloji.com\/","name":"Zapp teknoloji","description":"S\u0131n\u0131rlar\u0131 A\u015fan teknoloji, Zapp imzas\u0131yla","publisher":{"@id":"https:\/\/www.zappteknoloji.com\/#organization"},"potentialAction":[{"@type":"SearchAction","target":{"@type":"EntryPoint","urlTemplate":"https:\/\/www.zappteknoloji.com\/?s={search_term_string}"},"query-input":{"@type":"PropertyValueSpecification","valueRequired":true,"valueName":"search_term_string"}}],"inLanguage":"tr"},{"@type":"Organization","@id":"https:\/\/www.zappteknoloji.com\/#organization","name":"Zapp teknoloji","url":"https:\/\/www.zappteknoloji.com\/","logo":{"@type":"ImageObject","inLanguage":"tr","@id":"https:\/\/www.zappteknoloji.com\/#\/schema\/logo\/image\/","url":"http:\/\/www.zappteknoloji.com\/wp-content\/uploads\/2025\/12\/cropped-zapp-logo.jpg","contentUrl":"http:\/\/www.zappteknoloji.com\/wp-content\/uploads\/2025\/12\/cropped-zapp-logo.jpg","width":160,"height":78,"caption":"Zapp teknoloji "},"image":{"@id":"https:\/\/www.zappteknoloji.com\/#\/schema\/logo\/image\/"}}]}},"_links":{"self":[{"href":"http:\/\/www.zappteknoloji.com\/index.php\/wp-json\/wp\/v2\/pages\/49","targetHints":{"allow":["GET"]}}],"collection":[{"href":"http:\/\/www.zappteknoloji.com\/index.php\/wp-json\/wp\/v2\/pages"}],"about":[{"href":"http:\/\/www.zappteknoloji.com\/index.php\/wp-json\/wp\/v2\/types\/page"}],"author":[{"embeddable":true,"href":"http:\/\/www.zappteknoloji.com\/index.php\/wp-json\/wp\/v2\/users\/1"}],"replies":[{"embeddable":true,"href":"http:\/\/www.zappteknoloji.com\/index.php\/wp-json\/wp\/v2\/comments?post=49"}],"version-history":[{"count":9,"href":"http:\/\/www.zappteknoloji.com\/index.php\/wp-json\/wp\/v2\/pages\/49\/revisions"}],"predecessor-version":[{"id":391,"href":"http:\/\/www.zappteknoloji.com\/index.php\/wp-json\/wp\/v2\/pages\/49\/revisions\/391"}],"wp:attachment":[{"href":"http:\/\/www.zappteknoloji.com\/index.php\/wp-json\/wp\/v2\/media?parent=49"}],"curies":[{"name":"wp","href":"https:\/\/api.w.org\/{rel}","templated":true}]}}