{"id":472,"date":"2025-12-29T13:42:52","date_gmt":"2025-12-29T13:42:52","guid":{"rendered":"https:\/\/www.zappteknoloji.com\/?page_id=472"},"modified":"2026-01-10T22:36:37","modified_gmt":"2026-01-10T22:36:37","slug":"yazilim-hizmetleri","status":"publish","type":"page","link":"http:\/\/www.zappteknoloji.com\/index.php\/yazilim-hizmetleri\/","title":{"rendered":"YAZILIM VE IT H\u0130ZMETLER\u0130"},"content":{"rendered":"\n<p><\/p>\n\n\n\n<figure class=\"wp-block-video\"><video controls src=\"https:\/\/www.zappteknoloji.com\/wp-content\/uploads\/2026\/01\/VID-20260108-WA0002.mp4\"><\/video><\/figure>\n\n\n\n<p class=\"has-text-align-center\"><strong>EFR Teknoloji, Zappteknoloji b\u00fcnyesinde faaliyet g\u00f6steren; i\u015fletmelere \u00f6zel yaz\u0131l\u0131m geli\u015ftirme ve IT hizmetleri sunan teknoloji firmas\u0131d\u0131r.<br>\u0130\u015f s\u00fcre\u00e7lerinizi dijitale ta\u015f\u0131yan, g\u00fcvenli ve s\u00fcrd\u00fcr\u00fclebilir \u00e7\u00f6z\u00fcmler \u00fcretiriz.<\/strong><\/p>\n\n\n\n<h1 class=\"wp-block-heading\"><\/h1>\n\n\n\n<figure class=\"wp-block-image\"><img fetchpriority=\"high\" decoding=\"async\" width=\"1024\" height=\"1536\" src=\"https:\/\/www.zappteknoloji.com\/wp-content\/uploads\/2026\/01\/file_000000001fd471f498d6967f7e7705ea.png\" alt=\"\" class=\"wp-image-575\" srcset=\"http:\/\/www.zappteknoloji.com\/wp-content\/uploads\/2026\/01\/file_000000001fd471f498d6967f7e7705ea.png 1024w, http:\/\/www.zappteknoloji.com\/wp-content\/uploads\/2026\/01\/file_000000001fd471f498d6967f7e7705ea-200x300.png 200w, http:\/\/www.zappteknoloji.com\/wp-content\/uploads\/2026\/01\/file_000000001fd471f498d6967f7e7705ea-683x1024.png 683w, http:\/\/www.zappteknoloji.com\/wp-content\/uploads\/2026\/01\/file_000000001fd471f498d6967f7e7705ea-768x1152.png 768w\" sizes=\"(max-width: 1024px) 100vw, 1024px\" \/><\/figure>\n\n\n\n<ul class=\"wp-block-list\">\n<li><strong>Web siteleri firmalar\u0131n internetteki kartvizitleridir<\/strong><\/li>\n\n\n\n<li><strong>Gelin EFR Teknoloji fark\u0131 ile internetteki vitrininizi haz\u0131rlayal\u0131m<\/strong><\/li>\n<\/ul>\n\n\n\n<p class=\"has-text-align-center\"><strong>\ud83d\udcbb Yaz\u0131l\u0131m Hizmetleri<br>\u00d6zel yaz\u0131l\u0131m geli\u015ftirme<br>Web tabanl\u0131 kurumsal uygulamalar<br>Mobil uyumlu yaz\u0131l\u0131m \u00e7\u00f6z\u00fcmleri<br>Sistem ve API entegrasyonlar\u0131<\/strong><\/p>\n\n\n\n<p class=\"has-text-align-center\"><strong><br>\ud83d\udda5\ufe0f IT Hizmetleri<br>Sunucu ve network kurulumu<br>Sistem bak\u0131m ve teknik destek<br>Veri yedekleme ve g\u00fcvenlik \u00e7\u00f6z\u00fcmleri<br>Uzaktan IT destek hizmetleri<\/strong><\/p>\n\n\n\n<p class=\"has-text-align-center\"><strong><br>\ud83d\udd39 NEDEN EFR TEKNOLOJ\u0130?<br>\u2714 Kurumsal ve profesyonel hizmet anlay\u0131\u015f\u0131<br>\u2714 \u0130htiyaca \u00f6zel \u00e7\u00f6z\u00fcmler<br>\u2714 G\u00fcvenli ve g\u00fcncel teknoloji altyap\u0131s\u0131<br>\u2714 H\u0131zl\u0131 destek, s\u00fcrd\u00fcr\u00fclebilir sistemler<\/strong><\/p>\n\n\n\n<p class=\"has-text-align-center\"><strong><br>Yaz\u0131l\u0131m ve IT \u00e7\u00f6z\u00fcmleriyle i\u015finizi b\u00fcy\u00fctmek i\u00e7in bizimle ileti\u015fime ge\u00e7in.<\/strong><\/p>\n\n\n\n<p><\/p>\n\n\n\n<p><\/p>\n\n<div class=\"zapp-header-marquee\">\n  <div class=\"zapp-header-track\">\n\n    <div class=\"zapp-item\"><div class=\"zapp-title\">HIKVISION<\/div><div class=\"zapp-desc\">G\u00fcvenlik Kamera Sistemleri<\/div><\/div>\n    <div class=\"zapp-item\"><div class=\"zapp-title\">DAHUA<\/div><div class=\"zapp-desc\">IP Kamera Sistemleri<\/div><\/div>\n    <div class=\"zapp-item\"><div class=\"zapp-title\">AJAX<\/div><div class=\"zapp-desc\">Kablosuz Alarm Sistemleri<\/div><\/div>\n    <div class=\"zapp-item\"><div class=\"zapp-title\">PARADOX<\/div><div class=\"zapp-desc\">Alarm Panel Sistemleri<\/div><\/div>\n    <div class=\"zapp-item\"><div class=\"zapp-title\">TP-LINK<\/div><div class=\"zapp-desc\">Network Sistemleri<\/div><\/div>\n\n    <!-- TEKRAR -->\n    <div class=\"zapp-item\"><div class=\"zapp-title\">HIKVISION<\/div><div class=\"zapp-desc\">G\u00fcvenlik Kamera Sistemleri<\/div><\/div>\n    <div class=\"zapp-item\"><div class=\"zapp-title\">DAHUA<\/div><div class=\"zapp-desc\">IP Kamera Sistemleri<\/div><\/div>\n    <div class=\"zapp-item\"><div class=\"zapp-title\">AJAX<\/div><div class=\"zapp-desc\">Kablosuz Alarm Sistemleri<\/div><\/div>\n    <div class=\"zapp-item\"><div class=\"zapp-title\">PARADOX<\/div><div class=\"zapp-desc\">Alarm Panel Sistemleri<\/div><\/div>\n    <div class=\"zapp-item\"><div class=\"zapp-title\">TP-LINK<\/div><div class=\"zapp-desc\">Network Sistemleri<\/div><\/div>\n\n  <\/div>\n<\/div>\n","protected":false},"excerpt":{"rendered":"<p>EFR Teknoloji, Zappteknoloji b\u00fcnyesinde faaliyet g\u00f6steren; i\u015fletmelere \u00f6zel yaz\u0131l\u0131m geli\u015ftirme ve IT hizmetleri sunan teknoloji firmas\u0131d\u0131r.\u0130\u015f s\u00fcre\u00e7lerinizi dijitale ta\u015f\u0131yan, g\u00fcvenli ve s\u00fcrd\u00fcr\u00fclebilir \u00e7\u00f6z\u00fcmler \u00fcretiriz. \ud83d\udcbb [&hellip;]<\/p>\n","protected":false},"author":1,"featured_media":0,"parent":0,"menu_order":0,"comment_status":"closed","ping_status":"closed","template":"","meta":{"footnotes":""},"class_list":["post-472","page","type-page","status-publish","hentry"],"yoast_head":"<!-- This site is optimized with the Yoast SEO plugin v27.5 - https:\/\/yoast.com\/product\/yoast-seo-wordpress\/ -->\n<title>YAZILIM VE IT H\u0130ZMETLER\u0130 - Zapp teknoloji<\/title>\n<meta name=\"robots\" content=\"index, follow, max-snippet:-1, max-image-preview:large, max-video-preview:-1\" \/>\n<link rel=\"canonical\" href=\"http:\/\/www.zappteknoloji.com\/index.php\/yazilim-hizmetleri\/\" \/>\n<meta property=\"og:locale\" content=\"tr_TR\" \/>\n<meta property=\"og:type\" content=\"article\" \/>\n<meta property=\"og:title\" content=\"YAZILIM VE IT H\u0130ZMETLER\u0130 - Zapp teknoloji\" \/>\n<meta property=\"og:description\" content=\"EFR Teknoloji, Zappteknoloji b\u00fcnyesinde faaliyet g\u00f6steren; i\u015fletmelere \u00f6zel yaz\u0131l\u0131m geli\u015ftirme ve IT hizmetleri sunan teknoloji firmas\u0131d\u0131r.\u0130\u015f s\u00fcre\u00e7lerinizi dijitale ta\u015f\u0131yan, g\u00fcvenli ve s\u00fcrd\u00fcr\u00fclebilir \u00e7\u00f6z\u00fcmler \u00fcretiriz. \ud83d\udcbb [&hellip;]\" \/>\n<meta property=\"og:url\" content=\"http:\/\/www.zappteknoloji.com\/index.php\/yazilim-hizmetleri\/\" \/>\n<meta property=\"og:site_name\" content=\"Zapp teknoloji\" \/>\n<meta property=\"article:modified_time\" content=\"2026-01-10T22:36:37+00:00\" \/>\n<meta property=\"og:image\" content=\"https:\/\/www.zappteknoloji.com\/wp-content\/uploads\/2026\/01\/file_000000001fd471f498d6967f7e7705ea.png\" \/>\n<meta name=\"twitter:card\" content=\"summary_large_image\" \/>\n<meta name=\"twitter:label1\" content=\"Tahmini okuma s\u00fcresi\" \/>\n\t<meta name=\"twitter:data1\" content=\"1 dakika\" \/>\n<script type=\"application\/ld+json\" class=\"yoast-schema-graph\">{\"@context\":\"https:\\\/\\\/schema.org\",\"@graph\":[{\"@type\":\"WebPage\",\"@id\":\"http:\\\/\\\/www.zappteknoloji.com\\\/index.php\\\/yazilim-hizmetleri\\\/\",\"url\":\"http:\\\/\\\/www.zappteknoloji.com\\\/index.php\\\/yazilim-hizmetleri\\\/\",\"name\":\"YAZILIM VE IT H\u0130ZMETLER\u0130 - Zapp teknoloji\",\"isPartOf\":{\"@id\":\"https:\\\/\\\/www.zappteknoloji.com\\\/#website\"},\"primaryImageOfPage\":{\"@id\":\"http:\\\/\\\/www.zappteknoloji.com\\\/index.php\\\/yazilim-hizmetleri\\\/#primaryimage\"},\"image\":{\"@id\":\"http:\\\/\\\/www.zappteknoloji.com\\\/index.php\\\/yazilim-hizmetleri\\\/#primaryimage\"},\"thumbnailUrl\":\"https:\\\/\\\/www.zappteknoloji.com\\\/wp-content\\\/uploads\\\/2026\\\/01\\\/file_000000001fd471f498d6967f7e7705ea.png\",\"datePublished\":\"2025-12-29T13:42:52+00:00\",\"dateModified\":\"2026-01-10T22:36:37+00:00\",\"breadcrumb\":{\"@id\":\"http:\\\/\\\/www.zappteknoloji.com\\\/index.php\\\/yazilim-hizmetleri\\\/#breadcrumb\"},\"inLanguage\":\"tr\",\"potentialAction\":[{\"@type\":\"ReadAction\",\"target\":[\"http:\\\/\\\/www.zappteknoloji.com\\\/index.php\\\/yazilim-hizmetleri\\\/\"]}]},{\"@type\":\"ImageObject\",\"inLanguage\":\"tr\",\"@id\":\"http:\\\/\\\/www.zappteknoloji.com\\\/index.php\\\/yazilim-hizmetleri\\\/#primaryimage\",\"url\":\"http:\\\/\\\/www.zappteknoloji.com\\\/wp-content\\\/uploads\\\/2026\\\/01\\\/file_000000001fd471f498d6967f7e7705ea.png\",\"contentUrl\":\"http:\\\/\\\/www.zappteknoloji.com\\\/wp-content\\\/uploads\\\/2026\\\/01\\\/file_000000001fd471f498d6967f7e7705ea.png\",\"width\":1024,\"height\":1536},{\"@type\":\"BreadcrumbList\",\"@id\":\"http:\\\/\\\/www.zappteknoloji.com\\\/index.php\\\/yazilim-hizmetleri\\\/#breadcrumb\",\"itemListElement\":[{\"@type\":\"ListItem\",\"position\":1,\"name\":\"Anasayfa\",\"item\":\"https:\\\/\\\/www.zappteknoloji.com\\\/\"},{\"@type\":\"ListItem\",\"position\":2,\"name\":\"YAZILIM VE IT H\u0130ZMETLER\u0130\"}]},{\"@type\":\"WebSite\",\"@id\":\"https:\\\/\\\/www.zappteknoloji.com\\\/#website\",\"url\":\"https:\\\/\\\/www.zappteknoloji.com\\\/\",\"name\":\"Zapp teknoloji\",\"description\":\"S\u0131n\u0131rlar\u0131 A\u015fan teknoloji, Zapp imzas\u0131yla\",\"publisher\":{\"@id\":\"https:\\\/\\\/www.zappteknoloji.com\\\/#organization\"},\"potentialAction\":[{\"@type\":\"SearchAction\",\"target\":{\"@type\":\"EntryPoint\",\"urlTemplate\":\"https:\\\/\\\/www.zappteknoloji.com\\\/?s={search_term_string}\"},\"query-input\":{\"@type\":\"PropertyValueSpecification\",\"valueRequired\":true,\"valueName\":\"search_term_string\"}}],\"inLanguage\":\"tr\"},{\"@type\":\"Organization\",\"@id\":\"https:\\\/\\\/www.zappteknoloji.com\\\/#organization\",\"name\":\"Zapp teknoloji\",\"url\":\"https:\\\/\\\/www.zappteknoloji.com\\\/\",\"logo\":{\"@type\":\"ImageObject\",\"inLanguage\":\"tr\",\"@id\":\"https:\\\/\\\/www.zappteknoloji.com\\\/#\\\/schema\\\/logo\\\/image\\\/\",\"url\":\"http:\\\/\\\/www.zappteknoloji.com\\\/wp-content\\\/uploads\\\/2025\\\/12\\\/cropped-zapp-logo.jpg\",\"contentUrl\":\"http:\\\/\\\/www.zappteknoloji.com\\\/wp-content\\\/uploads\\\/2025\\\/12\\\/cropped-zapp-logo.jpg\",\"width\":160,\"height\":78,\"caption\":\"Zapp teknoloji \"},\"image\":{\"@id\":\"https:\\\/\\\/www.zappteknoloji.com\\\/#\\\/schema\\\/logo\\\/image\\\/\"}}]}<\/script>\n<!-- \/ Yoast SEO plugin. -->","yoast_head_json":{"title":"YAZILIM VE IT H\u0130ZMETLER\u0130 - Zapp teknoloji","robots":{"index":"index","follow":"follow","max-snippet":"max-snippet:-1","max-image-preview":"max-image-preview:large","max-video-preview":"max-video-preview:-1"},"canonical":"http:\/\/www.zappteknoloji.com\/index.php\/yazilim-hizmetleri\/","og_locale":"tr_TR","og_type":"article","og_title":"YAZILIM VE IT H\u0130ZMETLER\u0130 - Zapp teknoloji","og_description":"EFR Teknoloji, Zappteknoloji b\u00fcnyesinde faaliyet g\u00f6steren; i\u015fletmelere \u00f6zel yaz\u0131l\u0131m geli\u015ftirme ve IT hizmetleri sunan teknoloji firmas\u0131d\u0131r.\u0130\u015f s\u00fcre\u00e7lerinizi dijitale ta\u015f\u0131yan, g\u00fcvenli ve s\u00fcrd\u00fcr\u00fclebilir \u00e7\u00f6z\u00fcmler \u00fcretiriz. \ud83d\udcbb [&hellip;]","og_url":"http:\/\/www.zappteknoloji.com\/index.php\/yazilim-hizmetleri\/","og_site_name":"Zapp teknoloji","article_modified_time":"2026-01-10T22:36:37+00:00","og_image":[{"url":"https:\/\/www.zappteknoloji.com\/wp-content\/uploads\/2026\/01\/file_000000001fd471f498d6967f7e7705ea.png","type":"","width":"","height":""}],"twitter_card":"summary_large_image","twitter_misc":{"Tahmini okuma s\u00fcresi":"1 dakika"},"schema":{"@context":"https:\/\/schema.org","@graph":[{"@type":"WebPage","@id":"http:\/\/www.zappteknoloji.com\/index.php\/yazilim-hizmetleri\/","url":"http:\/\/www.zappteknoloji.com\/index.php\/yazilim-hizmetleri\/","name":"YAZILIM VE IT H\u0130ZMETLER\u0130 - Zapp teknoloji","isPartOf":{"@id":"https:\/\/www.zappteknoloji.com\/#website"},"primaryImageOfPage":{"@id":"http:\/\/www.zappteknoloji.com\/index.php\/yazilim-hizmetleri\/#primaryimage"},"image":{"@id":"http:\/\/www.zappteknoloji.com\/index.php\/yazilim-hizmetleri\/#primaryimage"},"thumbnailUrl":"https:\/\/www.zappteknoloji.com\/wp-content\/uploads\/2026\/01\/file_000000001fd471f498d6967f7e7705ea.png","datePublished":"2025-12-29T13:42:52+00:00","dateModified":"2026-01-10T22:36:37+00:00","breadcrumb":{"@id":"http:\/\/www.zappteknoloji.com\/index.php\/yazilim-hizmetleri\/#breadcrumb"},"inLanguage":"tr","potentialAction":[{"@type":"ReadAction","target":["http:\/\/www.zappteknoloji.com\/index.php\/yazilim-hizmetleri\/"]}]},{"@type":"ImageObject","inLanguage":"tr","@id":"http:\/\/www.zappteknoloji.com\/index.php\/yazilim-hizmetleri\/#primaryimage","url":"http:\/\/www.zappteknoloji.com\/wp-content\/uploads\/2026\/01\/file_000000001fd471f498d6967f7e7705ea.png","contentUrl":"http:\/\/www.zappteknoloji.com\/wp-content\/uploads\/2026\/01\/file_000000001fd471f498d6967f7e7705ea.png","width":1024,"height":1536},{"@type":"BreadcrumbList","@id":"http:\/\/www.zappteknoloji.com\/index.php\/yazilim-hizmetleri\/#breadcrumb","itemListElement":[{"@type":"ListItem","position":1,"name":"Anasayfa","item":"https:\/\/www.zappteknoloji.com\/"},{"@type":"ListItem","position":2,"name":"YAZILIM VE IT H\u0130ZMETLER\u0130"}]},{"@type":"WebSite","@id":"https:\/\/www.zappteknoloji.com\/#website","url":"https:\/\/www.zappteknoloji.com\/","name":"Zapp teknoloji","description":"S\u0131n\u0131rlar\u0131 A\u015fan teknoloji, Zapp imzas\u0131yla","publisher":{"@id":"https:\/\/www.zappteknoloji.com\/#organization"},"potentialAction":[{"@type":"SearchAction","target":{"@type":"EntryPoint","urlTemplate":"https:\/\/www.zappteknoloji.com\/?s={search_term_string}"},"query-input":{"@type":"PropertyValueSpecification","valueRequired":true,"valueName":"search_term_string"}}],"inLanguage":"tr"},{"@type":"Organization","@id":"https:\/\/www.zappteknoloji.com\/#organization","name":"Zapp teknoloji","url":"https:\/\/www.zappteknoloji.com\/","logo":{"@type":"ImageObject","inLanguage":"tr","@id":"https:\/\/www.zappteknoloji.com\/#\/schema\/logo\/image\/","url":"http:\/\/www.zappteknoloji.com\/wp-content\/uploads\/2025\/12\/cropped-zapp-logo.jpg","contentUrl":"http:\/\/www.zappteknoloji.com\/wp-content\/uploads\/2025\/12\/cropped-zapp-logo.jpg","width":160,"height":78,"caption":"Zapp teknoloji "},"image":{"@id":"https:\/\/www.zappteknoloji.com\/#\/schema\/logo\/image\/"}}]}},"_links":{"self":[{"href":"http:\/\/www.zappteknoloji.com\/index.php\/wp-json\/wp\/v2\/pages\/472","targetHints":{"allow":["GET"]}}],"collection":[{"href":"http:\/\/www.zappteknoloji.com\/index.php\/wp-json\/wp\/v2\/pages"}],"about":[{"href":"http:\/\/www.zappteknoloji.com\/index.php\/wp-json\/wp\/v2\/types\/page"}],"author":[{"embeddable":true,"href":"http:\/\/www.zappteknoloji.com\/index.php\/wp-json\/wp\/v2\/users\/1"}],"replies":[{"embeddable":true,"href":"http:\/\/www.zappteknoloji.com\/index.php\/wp-json\/wp\/v2\/comments?post=472"}],"version-history":[{"count":8,"href":"http:\/\/www.zappteknoloji.com\/index.php\/wp-json\/wp\/v2\/pages\/472\/revisions"}],"predecessor-version":[{"id":576,"href":"http:\/\/www.zappteknoloji.com\/index.php\/wp-json\/wp\/v2\/pages\/472\/revisions\/576"}],"wp:attachment":[{"href":"http:\/\/www.zappteknoloji.com\/index.php\/wp-json\/wp\/v2\/media?parent=472"}],"curies":[{"name":"wp","href":"https:\/\/api.w.org\/{rel}","templated":true}]}}