{"id":43,"date":"2025-12-07T13:50:46","date_gmt":"2025-12-07T13:50:46","guid":{"rendered":"https:\/\/www.zappteknoloji.com\/?page_id=43"},"modified":"2025-12-25T10:11:59","modified_gmt":"2025-12-25T10:11:59","slug":"yangin-sistemleri","status":"publish","type":"page","link":"http:\/\/www.zappteknoloji.com\/index.php\/yangin-sistemleri\/","title":{"rendered":"YANGIN S\u0130STEMLER\u0130"},"content":{"rendered":"\n<p class=\"has-text-align-center\"><strong>Yang\u0131n Alg\u0131lama ve \u0130hbar Sistemleri<br>Yang\u0131n alg\u0131lama ve ihbar sistemleri, can ve mal g\u00fcvenli\u011fi i\u00e7in hayati \u00f6neme sahiptir. Zapp Teknoloji, 2010 y\u0131l\u0131ndan bu yana konut, i\u015f yeri ve end\u00fcstriyel alanlarda yang\u0131n alarm sistemi kurulumu hizmeti sunmaktad\u0131r.<\/strong><\/p>\n\n\n\n<p class=\"has-text-align-center\"><strong><br>Duman, \u0131s\u0131 ve alev dedekt\u00f6rleri ile yang\u0131n riskleri erken tespit edilir, alarm ve uyar\u0131 sistemleriyle h\u0131zl\u0131 m\u00fcdahale sa\u011flan\u0131r.<br>Hizmetlerimiz:<br>Yang\u0131n alarm sistemi kurulumu<br>Duman ve \u0131s\u0131 dedekt\u00f6r\u00fc montaj\u0131<br>Yang\u0131n ihbar paneli kurulumu<br>Siren ve fla\u015f\u00f6r sistemleri<br>Periyodik bak\u0131m ve test hizmetleri<br><\/strong><\/p>\n\n\n\n<div class=\"wp-block-cover\" style=\"min-height:233px;aspect-ratio:unset;\"><video class=\"wp-block-cover__video-background intrinsic-ignore\" autoplay muted loop playsinline src=\"https:\/\/www.zappteknoloji.com\/wp-content\/uploads\/2025\/12\/yangin-reklam.mp4\" data-object-fit=\"cover\"><\/video><span aria-hidden=\"true\" class=\"wp-block-cover__background has-background-dim\"><\/span><div class=\"wp-block-cover__inner-container is-layout-flow wp-block-cover-is-layout-flow\">\n<p class=\"has-text-align-center has-large-font-size\"><\/p>\n<\/div><\/div>\n\n\n\n<p class=\"has-text-align-center\"><strong>\ud83d\udc49 \u00dccretsiz ke\u015fif ile y\u00f6netmeliklere uygun en do\u011fru yang\u0131n sistemi belirlenir<\/strong><\/p>\n\n\n<div class=\"wp-block-image\">\n<figure class=\"aligncenter size-full is-resized\"><img fetchpriority=\"high\" decoding=\"async\" width=\"1024\" height=\"1024\" src=\"https:\/\/www.zappteknoloji.com\/wp-content\/uploads\/2025\/12\/HAZIR-YANGIN-SISTEMI.png\" alt=\"\" class=\"wp-image-346\" style=\"width:528px;height:auto\" srcset=\"http:\/\/www.zappteknoloji.com\/wp-content\/uploads\/2025\/12\/HAZIR-YANGIN-SISTEMI.png 1024w, http:\/\/www.zappteknoloji.com\/wp-content\/uploads\/2025\/12\/HAZIR-YANGIN-SISTEMI-300x300.png 300w, http:\/\/www.zappteknoloji.com\/wp-content\/uploads\/2025\/12\/HAZIR-YANGIN-SISTEMI-150x150.png 150w, http:\/\/www.zappteknoloji.com\/wp-content\/uploads\/2025\/12\/HAZIR-YANGIN-SISTEMI-768x768.png 768w\" sizes=\"(max-width: 1024px) 100vw, 1024px\" \/><\/figure><\/div>\n\n\n\n\n<p><\/p>\n\n<div class=\"zapp-header-marquee\">\n  <div class=\"zapp-header-track\">\n\n    <div class=\"zapp-item\"><div class=\"zapp-title\">HIKVISION<\/div><div class=\"zapp-desc\">G\u00fcvenlik Kamera Sistemleri<\/div><\/div>\n    <div class=\"zapp-item\"><div class=\"zapp-title\">DAHUA<\/div><div class=\"zapp-desc\">IP Kamera Sistemleri<\/div><\/div>\n    <div class=\"zapp-item\"><div class=\"zapp-title\">AJAX<\/div><div class=\"zapp-desc\">Kablosuz Alarm Sistemleri<\/div><\/div>\n    <div class=\"zapp-item\"><div class=\"zapp-title\">PARADOX<\/div><div class=\"zapp-desc\">Alarm Panel Sistemleri<\/div><\/div>\n    <div class=\"zapp-item\"><div class=\"zapp-title\">TP-LINK<\/div><div class=\"zapp-desc\">Network Sistemleri<\/div><\/div>\n\n    <!-- TEKRAR -->\n    <div class=\"zapp-item\"><div class=\"zapp-title\">HIKVISION<\/div><div class=\"zapp-desc\">G\u00fcvenlik Kamera Sistemleri<\/div><\/div>\n    <div class=\"zapp-item\"><div class=\"zapp-title\">DAHUA<\/div><div class=\"zapp-desc\">IP Kamera Sistemleri<\/div><\/div>\n    <div class=\"zapp-item\"><div class=\"zapp-title\">AJAX<\/div><div class=\"zapp-desc\">Kablosuz Alarm Sistemleri<\/div><\/div>\n    <div class=\"zapp-item\"><div class=\"zapp-title\">PARADOX<\/div><div class=\"zapp-desc\">Alarm Panel Sistemleri<\/div><\/div>\n    <div class=\"zapp-item\"><div class=\"zapp-title\">TP-LINK<\/div><div class=\"zapp-desc\">Network Sistemleri<\/div><\/div>\n\n  <\/div>\n<\/div>\n","protected":false},"excerpt":{"rendered":"<p>Yang\u0131n Alg\u0131lama ve \u0130hbar SistemleriYang\u0131n alg\u0131lama ve ihbar sistemleri, can ve mal g\u00fcvenli\u011fi i\u00e7in hayati \u00f6neme sahiptir. Zapp Teknoloji, 2010 y\u0131l\u0131ndan bu yana konut, i\u015f [&hellip;]<\/p>\n","protected":false},"author":1,"featured_media":0,"parent":0,"menu_order":0,"comment_status":"closed","ping_status":"closed","template":"","meta":{"footnotes":""},"class_list":["post-43","page","type-page","status-publish","hentry"],"yoast_head":"<!-- This site is optimized with the Yoast SEO plugin v27.5 - https:\/\/yoast.com\/product\/yoast-seo-wordpress\/ -->\n<title>YANGIN S\u0130STEMLER\u0130 - Zapp teknoloji<\/title>\n<meta name=\"robots\" content=\"index, follow, max-snippet:-1, max-image-preview:large, max-video-preview:-1\" \/>\n<link rel=\"canonical\" href=\"http:\/\/www.zappteknoloji.com\/index.php\/yangin-sistemleri\/\" \/>\n<meta property=\"og:locale\" content=\"tr_TR\" \/>\n<meta property=\"og:type\" content=\"article\" \/>\n<meta property=\"og:title\" content=\"YANGIN S\u0130STEMLER\u0130 - Zapp teknoloji\" \/>\n<meta property=\"og:description\" content=\"Yang\u0131n Alg\u0131lama ve \u0130hbar SistemleriYang\u0131n alg\u0131lama ve ihbar sistemleri, can ve mal g\u00fcvenli\u011fi i\u00e7in hayati \u00f6neme sahiptir. Zapp Teknoloji, 2010 y\u0131l\u0131ndan bu yana konut, i\u015f [&hellip;]\" \/>\n<meta property=\"og:url\" content=\"http:\/\/www.zappteknoloji.com\/index.php\/yangin-sistemleri\/\" \/>\n<meta property=\"og:site_name\" content=\"Zapp teknoloji\" \/>\n<meta property=\"article:modified_time\" content=\"2025-12-25T10:11:59+00:00\" \/>\n<meta property=\"og:image\" content=\"https:\/\/www.zappteknoloji.com\/wp-content\/uploads\/2025\/12\/HAZIR-YANGIN-SISTEMI.png\" \/>\n<meta name=\"twitter:card\" content=\"summary_large_image\" \/>\n<meta name=\"twitter:label1\" content=\"Tahmini okuma s\u00fcresi\" \/>\n\t<meta name=\"twitter:data1\" content=\"1 dakika\" \/>\n<script type=\"application\/ld+json\" class=\"yoast-schema-graph\">{\"@context\":\"https:\\\/\\\/schema.org\",\"@graph\":[{\"@type\":\"WebPage\",\"@id\":\"http:\\\/\\\/www.zappteknoloji.com\\\/index.php\\\/yangin-sistemleri\\\/\",\"url\":\"http:\\\/\\\/www.zappteknoloji.com\\\/index.php\\\/yangin-sistemleri\\\/\",\"name\":\"YANGIN S\u0130STEMLER\u0130 - Zapp teknoloji\",\"isPartOf\":{\"@id\":\"https:\\\/\\\/www.zappteknoloji.com\\\/#website\"},\"primaryImageOfPage\":{\"@id\":\"http:\\\/\\\/www.zappteknoloji.com\\\/index.php\\\/yangin-sistemleri\\\/#primaryimage\"},\"image\":{\"@id\":\"http:\\\/\\\/www.zappteknoloji.com\\\/index.php\\\/yangin-sistemleri\\\/#primaryimage\"},\"thumbnailUrl\":\"https:\\\/\\\/www.zappteknoloji.com\\\/wp-content\\\/uploads\\\/2025\\\/12\\\/HAZIR-YANGIN-SISTEMI.png\",\"datePublished\":\"2025-12-07T13:50:46+00:00\",\"dateModified\":\"2025-12-25T10:11:59+00:00\",\"breadcrumb\":{\"@id\":\"http:\\\/\\\/www.zappteknoloji.com\\\/index.php\\\/yangin-sistemleri\\\/#breadcrumb\"},\"inLanguage\":\"tr\",\"potentialAction\":[{\"@type\":\"ReadAction\",\"target\":[\"http:\\\/\\\/www.zappteknoloji.com\\\/index.php\\\/yangin-sistemleri\\\/\"]}]},{\"@type\":\"ImageObject\",\"inLanguage\":\"tr\",\"@id\":\"http:\\\/\\\/www.zappteknoloji.com\\\/index.php\\\/yangin-sistemleri\\\/#primaryimage\",\"url\":\"http:\\\/\\\/www.zappteknoloji.com\\\/wp-content\\\/uploads\\\/2025\\\/12\\\/HAZIR-YANGIN-SISTEMI.png\",\"contentUrl\":\"http:\\\/\\\/www.zappteknoloji.com\\\/wp-content\\\/uploads\\\/2025\\\/12\\\/HAZIR-YANGIN-SISTEMI.png\",\"width\":1024,\"height\":1024},{\"@type\":\"BreadcrumbList\",\"@id\":\"http:\\\/\\\/www.zappteknoloji.com\\\/index.php\\\/yangin-sistemleri\\\/#breadcrumb\",\"itemListElement\":[{\"@type\":\"ListItem\",\"position\":1,\"name\":\"Anasayfa\",\"item\":\"https:\\\/\\\/www.zappteknoloji.com\\\/\"},{\"@type\":\"ListItem\",\"position\":2,\"name\":\"YANGIN S\u0130STEMLER\u0130\"}]},{\"@type\":\"WebSite\",\"@id\":\"https:\\\/\\\/www.zappteknoloji.com\\\/#website\",\"url\":\"https:\\\/\\\/www.zappteknoloji.com\\\/\",\"name\":\"Zapp teknoloji\",\"description\":\"S\u0131n\u0131rlar\u0131 A\u015fan teknoloji, Zapp imzas\u0131yla\",\"publisher\":{\"@id\":\"https:\\\/\\\/www.zappteknoloji.com\\\/#organization\"},\"potentialAction\":[{\"@type\":\"SearchAction\",\"target\":{\"@type\":\"EntryPoint\",\"urlTemplate\":\"https:\\\/\\\/www.zappteknoloji.com\\\/?s={search_term_string}\"},\"query-input\":{\"@type\":\"PropertyValueSpecification\",\"valueRequired\":true,\"valueName\":\"search_term_string\"}}],\"inLanguage\":\"tr\"},{\"@type\":\"Organization\",\"@id\":\"https:\\\/\\\/www.zappteknoloji.com\\\/#organization\",\"name\":\"Zapp teknoloji\",\"url\":\"https:\\\/\\\/www.zappteknoloji.com\\\/\",\"logo\":{\"@type\":\"ImageObject\",\"inLanguage\":\"tr\",\"@id\":\"https:\\\/\\\/www.zappteknoloji.com\\\/#\\\/schema\\\/logo\\\/image\\\/\",\"url\":\"http:\\\/\\\/www.zappteknoloji.com\\\/wp-content\\\/uploads\\\/2025\\\/12\\\/cropped-zapp-logo.jpg\",\"contentUrl\":\"http:\\\/\\\/www.zappteknoloji.com\\\/wp-content\\\/uploads\\\/2025\\\/12\\\/cropped-zapp-logo.jpg\",\"width\":160,\"height\":78,\"caption\":\"Zapp teknoloji \"},\"image\":{\"@id\":\"https:\\\/\\\/www.zappteknoloji.com\\\/#\\\/schema\\\/logo\\\/image\\\/\"}}]}<\/script>\n<!-- \/ Yoast SEO plugin. -->","yoast_head_json":{"title":"YANGIN S\u0130STEMLER\u0130 - Zapp teknoloji","robots":{"index":"index","follow":"follow","max-snippet":"max-snippet:-1","max-image-preview":"max-image-preview:large","max-video-preview":"max-video-preview:-1"},"canonical":"http:\/\/www.zappteknoloji.com\/index.php\/yangin-sistemleri\/","og_locale":"tr_TR","og_type":"article","og_title":"YANGIN S\u0130STEMLER\u0130 - Zapp teknoloji","og_description":"Yang\u0131n Alg\u0131lama ve \u0130hbar SistemleriYang\u0131n alg\u0131lama ve ihbar sistemleri, can ve mal g\u00fcvenli\u011fi i\u00e7in hayati \u00f6neme sahiptir. Zapp Teknoloji, 2010 y\u0131l\u0131ndan bu yana konut, i\u015f [&hellip;]","og_url":"http:\/\/www.zappteknoloji.com\/index.php\/yangin-sistemleri\/","og_site_name":"Zapp teknoloji","article_modified_time":"2025-12-25T10:11:59+00:00","og_image":[{"url":"https:\/\/www.zappteknoloji.com\/wp-content\/uploads\/2025\/12\/HAZIR-YANGIN-SISTEMI.png","type":"","width":"","height":""}],"twitter_card":"summary_large_image","twitter_misc":{"Tahmini okuma s\u00fcresi":"1 dakika"},"schema":{"@context":"https:\/\/schema.org","@graph":[{"@type":"WebPage","@id":"http:\/\/www.zappteknoloji.com\/index.php\/yangin-sistemleri\/","url":"http:\/\/www.zappteknoloji.com\/index.php\/yangin-sistemleri\/","name":"YANGIN S\u0130STEMLER\u0130 - Zapp teknoloji","isPartOf":{"@id":"https:\/\/www.zappteknoloji.com\/#website"},"primaryImageOfPage":{"@id":"http:\/\/www.zappteknoloji.com\/index.php\/yangin-sistemleri\/#primaryimage"},"image":{"@id":"http:\/\/www.zappteknoloji.com\/index.php\/yangin-sistemleri\/#primaryimage"},"thumbnailUrl":"https:\/\/www.zappteknoloji.com\/wp-content\/uploads\/2025\/12\/HAZIR-YANGIN-SISTEMI.png","datePublished":"2025-12-07T13:50:46+00:00","dateModified":"2025-12-25T10:11:59+00:00","breadcrumb":{"@id":"http:\/\/www.zappteknoloji.com\/index.php\/yangin-sistemleri\/#breadcrumb"},"inLanguage":"tr","potentialAction":[{"@type":"ReadAction","target":["http:\/\/www.zappteknoloji.com\/index.php\/yangin-sistemleri\/"]}]},{"@type":"ImageObject","inLanguage":"tr","@id":"http:\/\/www.zappteknoloji.com\/index.php\/yangin-sistemleri\/#primaryimage","url":"http:\/\/www.zappteknoloji.com\/wp-content\/uploads\/2025\/12\/HAZIR-YANGIN-SISTEMI.png","contentUrl":"http:\/\/www.zappteknoloji.com\/wp-content\/uploads\/2025\/12\/HAZIR-YANGIN-SISTEMI.png","width":1024,"height":1024},{"@type":"BreadcrumbList","@id":"http:\/\/www.zappteknoloji.com\/index.php\/yangin-sistemleri\/#breadcrumb","itemListElement":[{"@type":"ListItem","position":1,"name":"Anasayfa","item":"https:\/\/www.zappteknoloji.com\/"},{"@type":"ListItem","position":2,"name":"YANGIN S\u0130STEMLER\u0130"}]},{"@type":"WebSite","@id":"https:\/\/www.zappteknoloji.com\/#website","url":"https:\/\/www.zappteknoloji.com\/","name":"Zapp teknoloji","description":"S\u0131n\u0131rlar\u0131 A\u015fan teknoloji, Zapp imzas\u0131yla","publisher":{"@id":"https:\/\/www.zappteknoloji.com\/#organization"},"potentialAction":[{"@type":"SearchAction","target":{"@type":"EntryPoint","urlTemplate":"https:\/\/www.zappteknoloji.com\/?s={search_term_string}"},"query-input":{"@type":"PropertyValueSpecification","valueRequired":true,"valueName":"search_term_string"}}],"inLanguage":"tr"},{"@type":"Organization","@id":"https:\/\/www.zappteknoloji.com\/#organization","name":"Zapp teknoloji","url":"https:\/\/www.zappteknoloji.com\/","logo":{"@type":"ImageObject","inLanguage":"tr","@id":"https:\/\/www.zappteknoloji.com\/#\/schema\/logo\/image\/","url":"http:\/\/www.zappteknoloji.com\/wp-content\/uploads\/2025\/12\/cropped-zapp-logo.jpg","contentUrl":"http:\/\/www.zappteknoloji.com\/wp-content\/uploads\/2025\/12\/cropped-zapp-logo.jpg","width":160,"height":78,"caption":"Zapp teknoloji "},"image":{"@id":"https:\/\/www.zappteknoloji.com\/#\/schema\/logo\/image\/"}}]}},"_links":{"self":[{"href":"http:\/\/www.zappteknoloji.com\/index.php\/wp-json\/wp\/v2\/pages\/43","targetHints":{"allow":["GET"]}}],"collection":[{"href":"http:\/\/www.zappteknoloji.com\/index.php\/wp-json\/wp\/v2\/pages"}],"about":[{"href":"http:\/\/www.zappteknoloji.com\/index.php\/wp-json\/wp\/v2\/types\/page"}],"author":[{"embeddable":true,"href":"http:\/\/www.zappteknoloji.com\/index.php\/wp-json\/wp\/v2\/users\/1"}],"replies":[{"embeddable":true,"href":"http:\/\/www.zappteknoloji.com\/index.php\/wp-json\/wp\/v2\/comments?post=43"}],"version-history":[{"count":5,"href":"http:\/\/www.zappteknoloji.com\/index.php\/wp-json\/wp\/v2\/pages\/43\/revisions"}],"predecessor-version":[{"id":381,"href":"http:\/\/www.zappteknoloji.com\/index.php\/wp-json\/wp\/v2\/pages\/43\/revisions\/381"}],"wp:attachment":[{"href":"http:\/\/www.zappteknoloji.com\/index.php\/wp-json\/wp\/v2\/media?parent=43"}],"curies":[{"name":"wp","href":"https:\/\/api.w.org\/{rel}","templated":true}]}}