{"id":410,"date":"2025-12-26T09:45:52","date_gmt":"2025-12-26T09:45:52","guid":{"rendered":"https:\/\/www.zappteknoloji.com\/?page_id=410"},"modified":"2025-12-26T09:47:02","modified_gmt":"2025-12-26T09:47:02","slug":"guvenlik-sistemleri","status":"publish","type":"page","link":"http:\/\/www.zappteknoloji.com\/index.php\/guvenlik-sistemleri\/","title":{"rendered":"G\u00dcVENL\u0130K S\u0130STEMLER\u0130"},"content":{"rendered":"\n<div class=\"zapp-header-marquee\">\n  <div class=\"zapp-header-track\">\n\n    <div class=\"zapp-item\"><div class=\"zapp-title\">HIKVISION<\/div><div class=\"zapp-desc\">G\u00fcvenlik Kamera Sistemleri<\/div><\/div>\n    <div class=\"zapp-item\"><div class=\"zapp-title\">DAHUA<\/div><div class=\"zapp-desc\">IP Kamera Sistemleri<\/div><\/div>\n    <div class=\"zapp-item\"><div class=\"zapp-title\">AJAX<\/div><div class=\"zapp-desc\">Kablosuz Alarm Sistemleri<\/div><\/div>\n    <div class=\"zapp-item\"><div class=\"zapp-title\">PARADOX<\/div><div class=\"zapp-desc\">Alarm Panel Sistemleri<\/div><\/div>\n    <div class=\"zapp-item\"><div class=\"zapp-title\">TP-LINK<\/div><div class=\"zapp-desc\">Network Sistemleri<\/div><\/div>\n\n    <!-- TEKRAR -->\n    <div class=\"zapp-item\"><div class=\"zapp-title\">HIKVISION<\/div><div class=\"zapp-desc\">G\u00fcvenlik Kamera Sistemleri<\/div><\/div>\n    <div class=\"zapp-item\"><div class=\"zapp-title\">DAHUA<\/div><div class=\"zapp-desc\">IP Kamera Sistemleri<\/div><\/div>\n    <div class=\"zapp-item\"><div class=\"zapp-title\">AJAX<\/div><div class=\"zapp-desc\">Kablosuz Alarm Sistemleri<\/div><\/div>\n    <div class=\"zapp-item\"><div class=\"zapp-title\">PARADOX<\/div><div class=\"zapp-desc\">Alarm Panel Sistemleri<\/div><\/div>\n    <div class=\"zapp-item\"><div class=\"zapp-title\">TP-LINK<\/div><div class=\"zapp-desc\">Network Sistemleri<\/div><\/div>\n\n  <\/div>\n<\/div>\n","protected":false},"excerpt":{"rendered":"<p>HIKVISIONG\u00fcvenlik Kamera Sistemleri DAHUAIP Kamera Sistemleri AJAXKablosuz Alarm Sistemleri PARADOXAlarm Panel Sistemleri TP-LINKNetwork Sistemleri HIKVISIONG\u00fcvenlik Kamera Sistemleri DAHUAIP Kamera Sistemleri AJAXKablosuz Alarm Sistemleri PARADOXAlarm Panel [&hellip;]<\/p>\n","protected":false},"author":1,"featured_media":0,"parent":0,"menu_order":0,"comment_status":"closed","ping_status":"closed","template":"","meta":{"footnotes":""},"class_list":["post-410","page","type-page","status-publish","hentry"],"yoast_head":"<!-- This site is optimized with the Yoast SEO plugin v27.5 - https:\/\/yoast.com\/product\/yoast-seo-wordpress\/ -->\n<title>G\u00dcVENL\u0130K S\u0130STEMLER\u0130 - Zapp teknoloji<\/title>\n<meta name=\"robots\" content=\"index, follow, max-snippet:-1, max-image-preview:large, max-video-preview:-1\" \/>\n<link rel=\"canonical\" href=\"http:\/\/www.zappteknoloji.com\/index.php\/guvenlik-sistemleri\/\" \/>\n<meta property=\"og:locale\" content=\"tr_TR\" \/>\n<meta property=\"og:type\" content=\"article\" \/>\n<meta property=\"og:title\" content=\"G\u00dcVENL\u0130K S\u0130STEMLER\u0130 - Zapp teknoloji\" \/>\n<meta property=\"og:description\" content=\"HIKVISIONG\u00fcvenlik Kamera Sistemleri DAHUAIP Kamera Sistemleri AJAXKablosuz Alarm Sistemleri PARADOXAlarm Panel Sistemleri TP-LINKNetwork Sistemleri HIKVISIONG\u00fcvenlik Kamera Sistemleri DAHUAIP Kamera Sistemleri AJAXKablosuz Alarm Sistemleri PARADOXAlarm Panel [&hellip;]\" \/>\n<meta property=\"og:url\" content=\"http:\/\/www.zappteknoloji.com\/index.php\/guvenlik-sistemleri\/\" \/>\n<meta property=\"og:site_name\" content=\"Zapp teknoloji\" \/>\n<meta property=\"article:modified_time\" content=\"2025-12-26T09:47:02+00:00\" \/>\n<meta name=\"twitter:card\" content=\"summary_large_image\" \/>\n<script type=\"application\/ld+json\" class=\"yoast-schema-graph\">{\"@context\":\"https:\\\/\\\/schema.org\",\"@graph\":[{\"@type\":\"WebPage\",\"@id\":\"http:\\\/\\\/www.zappteknoloji.com\\\/index.php\\\/guvenlik-sistemleri\\\/\",\"url\":\"http:\\\/\\\/www.zappteknoloji.com\\\/index.php\\\/guvenlik-sistemleri\\\/\",\"name\":\"G\u00dcVENL\u0130K S\u0130STEMLER\u0130 - Zapp teknoloji\",\"isPartOf\":{\"@id\":\"https:\\\/\\\/www.zappteknoloji.com\\\/#website\"},\"datePublished\":\"2025-12-26T09:45:52+00:00\",\"dateModified\":\"2025-12-26T09:47:02+00:00\",\"breadcrumb\":{\"@id\":\"http:\\\/\\\/www.zappteknoloji.com\\\/index.php\\\/guvenlik-sistemleri\\\/#breadcrumb\"},\"inLanguage\":\"tr\",\"potentialAction\":[{\"@type\":\"ReadAction\",\"target\":[\"http:\\\/\\\/www.zappteknoloji.com\\\/index.php\\\/guvenlik-sistemleri\\\/\"]}]},{\"@type\":\"BreadcrumbList\",\"@id\":\"http:\\\/\\\/www.zappteknoloji.com\\\/index.php\\\/guvenlik-sistemleri\\\/#breadcrumb\",\"itemListElement\":[{\"@type\":\"ListItem\",\"position\":1,\"name\":\"Anasayfa\",\"item\":\"https:\\\/\\\/www.zappteknoloji.com\\\/\"},{\"@type\":\"ListItem\",\"position\":2,\"name\":\"G\u00dcVENL\u0130K S\u0130STEMLER\u0130\"}]},{\"@type\":\"WebSite\",\"@id\":\"https:\\\/\\\/www.zappteknoloji.com\\\/#website\",\"url\":\"https:\\\/\\\/www.zappteknoloji.com\\\/\",\"name\":\"Zapp teknoloji\",\"description\":\"S\u0131n\u0131rlar\u0131 A\u015fan teknoloji, Zapp imzas\u0131yla\",\"publisher\":{\"@id\":\"https:\\\/\\\/www.zappteknoloji.com\\\/#organization\"},\"potentialAction\":[{\"@type\":\"SearchAction\",\"target\":{\"@type\":\"EntryPoint\",\"urlTemplate\":\"https:\\\/\\\/www.zappteknoloji.com\\\/?s={search_term_string}\"},\"query-input\":{\"@type\":\"PropertyValueSpecification\",\"valueRequired\":true,\"valueName\":\"search_term_string\"}}],\"inLanguage\":\"tr\"},{\"@type\":\"Organization\",\"@id\":\"https:\\\/\\\/www.zappteknoloji.com\\\/#organization\",\"name\":\"Zapp teknoloji\",\"url\":\"https:\\\/\\\/www.zappteknoloji.com\\\/\",\"logo\":{\"@type\":\"ImageObject\",\"inLanguage\":\"tr\",\"@id\":\"https:\\\/\\\/www.zappteknoloji.com\\\/#\\\/schema\\\/logo\\\/image\\\/\",\"url\":\"http:\\\/\\\/www.zappteknoloji.com\\\/wp-content\\\/uploads\\\/2025\\\/12\\\/cropped-zapp-logo.jpg\",\"contentUrl\":\"http:\\\/\\\/www.zappteknoloji.com\\\/wp-content\\\/uploads\\\/2025\\\/12\\\/cropped-zapp-logo.jpg\",\"width\":160,\"height\":78,\"caption\":\"Zapp teknoloji \"},\"image\":{\"@id\":\"https:\\\/\\\/www.zappteknoloji.com\\\/#\\\/schema\\\/logo\\\/image\\\/\"}}]}<\/script>\n<!-- \/ Yoast SEO plugin. -->","yoast_head_json":{"title":"G\u00dcVENL\u0130K S\u0130STEMLER\u0130 - Zapp teknoloji","robots":{"index":"index","follow":"follow","max-snippet":"max-snippet:-1","max-image-preview":"max-image-preview:large","max-video-preview":"max-video-preview:-1"},"canonical":"http:\/\/www.zappteknoloji.com\/index.php\/guvenlik-sistemleri\/","og_locale":"tr_TR","og_type":"article","og_title":"G\u00dcVENL\u0130K S\u0130STEMLER\u0130 - Zapp teknoloji","og_description":"HIKVISIONG\u00fcvenlik Kamera Sistemleri DAHUAIP Kamera Sistemleri AJAXKablosuz Alarm Sistemleri PARADOXAlarm Panel Sistemleri TP-LINKNetwork Sistemleri HIKVISIONG\u00fcvenlik Kamera Sistemleri DAHUAIP Kamera Sistemleri AJAXKablosuz Alarm Sistemleri PARADOXAlarm Panel [&hellip;]","og_url":"http:\/\/www.zappteknoloji.com\/index.php\/guvenlik-sistemleri\/","og_site_name":"Zapp teknoloji","article_modified_time":"2025-12-26T09:47:02+00:00","twitter_card":"summary_large_image","schema":{"@context":"https:\/\/schema.org","@graph":[{"@type":"WebPage","@id":"http:\/\/www.zappteknoloji.com\/index.php\/guvenlik-sistemleri\/","url":"http:\/\/www.zappteknoloji.com\/index.php\/guvenlik-sistemleri\/","name":"G\u00dcVENL\u0130K S\u0130STEMLER\u0130 - Zapp teknoloji","isPartOf":{"@id":"https:\/\/www.zappteknoloji.com\/#website"},"datePublished":"2025-12-26T09:45:52+00:00","dateModified":"2025-12-26T09:47:02+00:00","breadcrumb":{"@id":"http:\/\/www.zappteknoloji.com\/index.php\/guvenlik-sistemleri\/#breadcrumb"},"inLanguage":"tr","potentialAction":[{"@type":"ReadAction","target":["http:\/\/www.zappteknoloji.com\/index.php\/guvenlik-sistemleri\/"]}]},{"@type":"BreadcrumbList","@id":"http:\/\/www.zappteknoloji.com\/index.php\/guvenlik-sistemleri\/#breadcrumb","itemListElement":[{"@type":"ListItem","position":1,"name":"Anasayfa","item":"https:\/\/www.zappteknoloji.com\/"},{"@type":"ListItem","position":2,"name":"G\u00dcVENL\u0130K S\u0130STEMLER\u0130"}]},{"@type":"WebSite","@id":"https:\/\/www.zappteknoloji.com\/#website","url":"https:\/\/www.zappteknoloji.com\/","name":"Zapp teknoloji","description":"S\u0131n\u0131rlar\u0131 A\u015fan teknoloji, Zapp imzas\u0131yla","publisher":{"@id":"https:\/\/www.zappteknoloji.com\/#organization"},"potentialAction":[{"@type":"SearchAction","target":{"@type":"EntryPoint","urlTemplate":"https:\/\/www.zappteknoloji.com\/?s={search_term_string}"},"query-input":{"@type":"PropertyValueSpecification","valueRequired":true,"valueName":"search_term_string"}}],"inLanguage":"tr"},{"@type":"Organization","@id":"https:\/\/www.zappteknoloji.com\/#organization","name":"Zapp teknoloji","url":"https:\/\/www.zappteknoloji.com\/","logo":{"@type":"ImageObject","inLanguage":"tr","@id":"https:\/\/www.zappteknoloji.com\/#\/schema\/logo\/image\/","url":"http:\/\/www.zappteknoloji.com\/wp-content\/uploads\/2025\/12\/cropped-zapp-logo.jpg","contentUrl":"http:\/\/www.zappteknoloji.com\/wp-content\/uploads\/2025\/12\/cropped-zapp-logo.jpg","width":160,"height":78,"caption":"Zapp teknoloji "},"image":{"@id":"https:\/\/www.zappteknoloji.com\/#\/schema\/logo\/image\/"}}]}},"_links":{"self":[{"href":"http:\/\/www.zappteknoloji.com\/index.php\/wp-json\/wp\/v2\/pages\/410","targetHints":{"allow":["GET"]}}],"collection":[{"href":"http:\/\/www.zappteknoloji.com\/index.php\/wp-json\/wp\/v2\/pages"}],"about":[{"href":"http:\/\/www.zappteknoloji.com\/index.php\/wp-json\/wp\/v2\/types\/page"}],"author":[{"embeddable":true,"href":"http:\/\/www.zappteknoloji.com\/index.php\/wp-json\/wp\/v2\/users\/1"}],"replies":[{"embeddable":true,"href":"http:\/\/www.zappteknoloji.com\/index.php\/wp-json\/wp\/v2\/comments?post=410"}],"version-history":[{"count":2,"href":"http:\/\/www.zappteknoloji.com\/index.php\/wp-json\/wp\/v2\/pages\/410\/revisions"}],"predecessor-version":[{"id":412,"href":"http:\/\/www.zappteknoloji.com\/index.php\/wp-json\/wp\/v2\/pages\/410\/revisions\/412"}],"wp:attachment":[{"href":"http:\/\/www.zappteknoloji.com\/index.php\/wp-json\/wp\/v2\/media?parent=410"}],"curies":[{"name":"wp","href":"https:\/\/api.w.org\/{rel}","templated":true}]}}