{"id":41,"date":"2025-12-07T13:50:32","date_gmt":"2025-12-07T13:50:32","guid":{"rendered":"https:\/\/www.zappteknoloji.com\/?page_id=41"},"modified":"2025-12-25T10:29:14","modified_gmt":"2025-12-25T10:29:14","slug":"uydu-ve-santral-sistemleri","status":"publish","type":"page","link":"http:\/\/www.zappteknoloji.com\/index.php\/uydu-ve-santral-sistemleri\/","title":{"rendered":"UYDU VE SANTRAL S\u0130STEMLER\u0130"},"content":{"rendered":"\n<p class=\"has-text-align-center\"><strong>Uydu ve Santral Sistemleri<br>Uydu ve santral sistemleri, kesintisiz ileti\u015fim ve kaliteli yay\u0131n altyap\u0131s\u0131 sa\u011flar. Zapp Teknoloji, 2016 y\u0131l\u0131ndan bu yana konut, site ve i\u015f yerleri i\u00e7in uydu sistemi ve telefon santral kurulumu hizmeti sunmaktad\u0131r.<br>Merkezi uydu sistemleri ile net g\u00f6r\u00fcnt\u00fc, santral sistemleri ile g\u00fc\u00e7l\u00fc ve d\u00fczenli ileti\u015fim altyap\u0131s\u0131 olu\u015fturuyoruz.<\/strong><\/p>\n\n\n\n<p class=\"has-text-align-center\"><\/p>\n\n\n\n<figure class=\"wp-block-image\"><img fetchpriority=\"high\" decoding=\"async\" width=\"783\" height=\"391\" src=\"https:\/\/www.zappteknoloji.com\/wp-content\/uploads\/2025\/12\/uydu-zapp.jpg\" alt=\"\" class=\"wp-image-343\" srcset=\"http:\/\/www.zappteknoloji.com\/wp-content\/uploads\/2025\/12\/uydu-zapp.jpg 783w, http:\/\/www.zappteknoloji.com\/wp-content\/uploads\/2025\/12\/uydu-zapp-300x150.jpg 300w, http:\/\/www.zappteknoloji.com\/wp-content\/uploads\/2025\/12\/uydu-zapp-768x384.jpg 768w\" sizes=\"(max-width: 783px) 100vw, 783px\" \/><\/figure>\n\n\n\n<p class=\"has-text-align-center\"><strong><br>Hizmetlerimiz:<br>Merkezi uydu sistemi kurulumu<br>Bireysel uydu anteni montaj\u0131<br>IP ve analog santral sistemleri<br>Dahili hat ve i\u00e7 tesisat kurulumu<br>Bak\u0131m ve teknik servis hizmetleri<br><\/strong><\/p>\n\n\n\n<div class=\"wp-block-cover\"><video class=\"wp-block-cover__video-background intrinsic-ignore\" autoplay muted loop playsinline src=\"https:\/\/www.zappteknoloji.com\/wp-content\/uploads\/2025\/12\/WhatsApp-Video-2025-07-15-saat-19.59.15_9f5fa793.mp4\" data-object-fit=\"cover\"><\/video><span aria-hidden=\"true\" class=\"wp-block-cover__background has-background-dim\"><\/span><div class=\"wp-block-cover__inner-container is-layout-flow wp-block-cover-is-layout-flow\">\n<p class=\"has-text-align-center has-large-font-size\"><\/p>\n<\/div><\/div>\n\n\n\n<p class=\"has-text-align-center\"><strong>\ud83d\udc49 \u00dccretsiz ke\u015fif ile ihtiyaca uygun uydu ve santral \u00e7\u00f6z\u00fcmleri sunuyoruz<\/strong><\/p>\n\n\n\n<p><\/p>\n\n<div class=\"zapp-header-marquee\">\n  <div class=\"zapp-header-track\">\n\n    <div class=\"zapp-item\"><div class=\"zapp-title\">HIKVISION<\/div><div class=\"zapp-desc\">G\u00fcvenlik Kamera Sistemleri<\/div><\/div>\n    <div class=\"zapp-item\"><div class=\"zapp-title\">DAHUA<\/div><div class=\"zapp-desc\">IP Kamera Sistemleri<\/div><\/div>\n    <div class=\"zapp-item\"><div class=\"zapp-title\">AJAX<\/div><div class=\"zapp-desc\">Kablosuz Alarm Sistemleri<\/div><\/div>\n    <div class=\"zapp-item\"><div class=\"zapp-title\">PARADOX<\/div><div class=\"zapp-desc\">Alarm Panel Sistemleri<\/div><\/div>\n    <div class=\"zapp-item\"><div class=\"zapp-title\">TP-LINK<\/div><div class=\"zapp-desc\">Network Sistemleri<\/div><\/div>\n\n    <!-- TEKRAR -->\n    <div class=\"zapp-item\"><div class=\"zapp-title\">HIKVISION<\/div><div class=\"zapp-desc\">G\u00fcvenlik Kamera Sistemleri<\/div><\/div>\n    <div class=\"zapp-item\"><div class=\"zapp-title\">DAHUA<\/div><div class=\"zapp-desc\">IP Kamera Sistemleri<\/div><\/div>\n    <div class=\"zapp-item\"><div class=\"zapp-title\">AJAX<\/div><div class=\"zapp-desc\">Kablosuz Alarm Sistemleri<\/div><\/div>\n    <div class=\"zapp-item\"><div class=\"zapp-title\">PARADOX<\/div><div class=\"zapp-desc\">Alarm Panel Sistemleri<\/div><\/div>\n    <div class=\"zapp-item\"><div class=\"zapp-title\">TP-LINK<\/div><div class=\"zapp-desc\">Network Sistemleri<\/div><\/div>\n\n  <\/div>\n<\/div>\n","protected":false},"excerpt":{"rendered":"<p>Uydu ve Santral SistemleriUydu ve santral sistemleri, kesintisiz ileti\u015fim ve kaliteli yay\u0131n altyap\u0131s\u0131 sa\u011flar. Zapp Teknoloji, 2016 y\u0131l\u0131ndan bu yana konut, site ve i\u015f yerleri [&hellip;]<\/p>\n","protected":false},"author":1,"featured_media":0,"parent":0,"menu_order":0,"comment_status":"closed","ping_status":"closed","template":"","meta":{"footnotes":""},"class_list":["post-41","page","type-page","status-publish","hentry"],"yoast_head":"<!-- This site is optimized with the Yoast SEO plugin v27.5 - https:\/\/yoast.com\/product\/yoast-seo-wordpress\/ -->\n<title>UYDU VE SANTRAL S\u0130STEMLER\u0130 - Zapp teknoloji<\/title>\n<meta name=\"robots\" content=\"index, follow, max-snippet:-1, max-image-preview:large, max-video-preview:-1\" \/>\n<link rel=\"canonical\" href=\"http:\/\/www.zappteknoloji.com\/index.php\/uydu-ve-santral-sistemleri\/\" \/>\n<meta property=\"og:locale\" content=\"tr_TR\" \/>\n<meta property=\"og:type\" content=\"article\" \/>\n<meta property=\"og:title\" content=\"UYDU VE SANTRAL S\u0130STEMLER\u0130 - Zapp teknoloji\" \/>\n<meta property=\"og:description\" content=\"Uydu ve Santral SistemleriUydu ve santral sistemleri, kesintisiz ileti\u015fim ve kaliteli yay\u0131n altyap\u0131s\u0131 sa\u011flar. Zapp Teknoloji, 2016 y\u0131l\u0131ndan bu yana konut, site ve i\u015f yerleri [&hellip;]\" \/>\n<meta property=\"og:url\" content=\"http:\/\/www.zappteknoloji.com\/index.php\/uydu-ve-santral-sistemleri\/\" \/>\n<meta property=\"og:site_name\" content=\"Zapp teknoloji\" \/>\n<meta property=\"article:modified_time\" content=\"2025-12-25T10:29:14+00:00\" \/>\n<meta property=\"og:image\" content=\"https:\/\/www.zappteknoloji.com\/wp-content\/uploads\/2025\/12\/uydu-zapp.jpg\" \/>\n<meta name=\"twitter:card\" content=\"summary_large_image\" \/>\n<meta name=\"twitter:label1\" content=\"Tahmini okuma s\u00fcresi\" \/>\n\t<meta name=\"twitter:data1\" content=\"1 dakika\" \/>\n<script type=\"application\/ld+json\" class=\"yoast-schema-graph\">{\"@context\":\"https:\\\/\\\/schema.org\",\"@graph\":[{\"@type\":\"WebPage\",\"@id\":\"http:\\\/\\\/www.zappteknoloji.com\\\/index.php\\\/uydu-ve-santral-sistemleri\\\/\",\"url\":\"http:\\\/\\\/www.zappteknoloji.com\\\/index.php\\\/uydu-ve-santral-sistemleri\\\/\",\"name\":\"UYDU VE SANTRAL S\u0130STEMLER\u0130 - Zapp teknoloji\",\"isPartOf\":{\"@id\":\"https:\\\/\\\/www.zappteknoloji.com\\\/#website\"},\"primaryImageOfPage\":{\"@id\":\"http:\\\/\\\/www.zappteknoloji.com\\\/index.php\\\/uydu-ve-santral-sistemleri\\\/#primaryimage\"},\"image\":{\"@id\":\"http:\\\/\\\/www.zappteknoloji.com\\\/index.php\\\/uydu-ve-santral-sistemleri\\\/#primaryimage\"},\"thumbnailUrl\":\"https:\\\/\\\/www.zappteknoloji.com\\\/wp-content\\\/uploads\\\/2025\\\/12\\\/uydu-zapp.jpg\",\"datePublished\":\"2025-12-07T13:50:32+00:00\",\"dateModified\":\"2025-12-25T10:29:14+00:00\",\"breadcrumb\":{\"@id\":\"http:\\\/\\\/www.zappteknoloji.com\\\/index.php\\\/uydu-ve-santral-sistemleri\\\/#breadcrumb\"},\"inLanguage\":\"tr\",\"potentialAction\":[{\"@type\":\"ReadAction\",\"target\":[\"http:\\\/\\\/www.zappteknoloji.com\\\/index.php\\\/uydu-ve-santral-sistemleri\\\/\"]}]},{\"@type\":\"ImageObject\",\"inLanguage\":\"tr\",\"@id\":\"http:\\\/\\\/www.zappteknoloji.com\\\/index.php\\\/uydu-ve-santral-sistemleri\\\/#primaryimage\",\"url\":\"http:\\\/\\\/www.zappteknoloji.com\\\/wp-content\\\/uploads\\\/2025\\\/12\\\/uydu-zapp.jpg\",\"contentUrl\":\"http:\\\/\\\/www.zappteknoloji.com\\\/wp-content\\\/uploads\\\/2025\\\/12\\\/uydu-zapp.jpg\",\"width\":783,\"height\":391},{\"@type\":\"BreadcrumbList\",\"@id\":\"http:\\\/\\\/www.zappteknoloji.com\\\/index.php\\\/uydu-ve-santral-sistemleri\\\/#breadcrumb\",\"itemListElement\":[{\"@type\":\"ListItem\",\"position\":1,\"name\":\"Anasayfa\",\"item\":\"https:\\\/\\\/www.zappteknoloji.com\\\/\"},{\"@type\":\"ListItem\",\"position\":2,\"name\":\"UYDU VE SANTRAL S\u0130STEMLER\u0130\"}]},{\"@type\":\"WebSite\",\"@id\":\"https:\\\/\\\/www.zappteknoloji.com\\\/#website\",\"url\":\"https:\\\/\\\/www.zappteknoloji.com\\\/\",\"name\":\"Zapp teknoloji\",\"description\":\"S\u0131n\u0131rlar\u0131 A\u015fan teknoloji, Zapp imzas\u0131yla\",\"publisher\":{\"@id\":\"https:\\\/\\\/www.zappteknoloji.com\\\/#organization\"},\"potentialAction\":[{\"@type\":\"SearchAction\",\"target\":{\"@type\":\"EntryPoint\",\"urlTemplate\":\"https:\\\/\\\/www.zappteknoloji.com\\\/?s={search_term_string}\"},\"query-input\":{\"@type\":\"PropertyValueSpecification\",\"valueRequired\":true,\"valueName\":\"search_term_string\"}}],\"inLanguage\":\"tr\"},{\"@type\":\"Organization\",\"@id\":\"https:\\\/\\\/www.zappteknoloji.com\\\/#organization\",\"name\":\"Zapp teknoloji\",\"url\":\"https:\\\/\\\/www.zappteknoloji.com\\\/\",\"logo\":{\"@type\":\"ImageObject\",\"inLanguage\":\"tr\",\"@id\":\"https:\\\/\\\/www.zappteknoloji.com\\\/#\\\/schema\\\/logo\\\/image\\\/\",\"url\":\"http:\\\/\\\/www.zappteknoloji.com\\\/wp-content\\\/uploads\\\/2025\\\/12\\\/cropped-zapp-logo.jpg\",\"contentUrl\":\"http:\\\/\\\/www.zappteknoloji.com\\\/wp-content\\\/uploads\\\/2025\\\/12\\\/cropped-zapp-logo.jpg\",\"width\":160,\"height\":78,\"caption\":\"Zapp teknoloji \"},\"image\":{\"@id\":\"https:\\\/\\\/www.zappteknoloji.com\\\/#\\\/schema\\\/logo\\\/image\\\/\"}}]}<\/script>\n<!-- \/ Yoast SEO plugin. -->","yoast_head_json":{"title":"UYDU VE SANTRAL S\u0130STEMLER\u0130 - Zapp teknoloji","robots":{"index":"index","follow":"follow","max-snippet":"max-snippet:-1","max-image-preview":"max-image-preview:large","max-video-preview":"max-video-preview:-1"},"canonical":"http:\/\/www.zappteknoloji.com\/index.php\/uydu-ve-santral-sistemleri\/","og_locale":"tr_TR","og_type":"article","og_title":"UYDU VE SANTRAL S\u0130STEMLER\u0130 - Zapp teknoloji","og_description":"Uydu ve Santral SistemleriUydu ve santral sistemleri, kesintisiz ileti\u015fim ve kaliteli yay\u0131n altyap\u0131s\u0131 sa\u011flar. Zapp Teknoloji, 2016 y\u0131l\u0131ndan bu yana konut, site ve i\u015f yerleri [&hellip;]","og_url":"http:\/\/www.zappteknoloji.com\/index.php\/uydu-ve-santral-sistemleri\/","og_site_name":"Zapp teknoloji","article_modified_time":"2025-12-25T10:29:14+00:00","og_image":[{"url":"https:\/\/www.zappteknoloji.com\/wp-content\/uploads\/2025\/12\/uydu-zapp.jpg","type":"","width":"","height":""}],"twitter_card":"summary_large_image","twitter_misc":{"Tahmini okuma s\u00fcresi":"1 dakika"},"schema":{"@context":"https:\/\/schema.org","@graph":[{"@type":"WebPage","@id":"http:\/\/www.zappteknoloji.com\/index.php\/uydu-ve-santral-sistemleri\/","url":"http:\/\/www.zappteknoloji.com\/index.php\/uydu-ve-santral-sistemleri\/","name":"UYDU VE SANTRAL S\u0130STEMLER\u0130 - Zapp teknoloji","isPartOf":{"@id":"https:\/\/www.zappteknoloji.com\/#website"},"primaryImageOfPage":{"@id":"http:\/\/www.zappteknoloji.com\/index.php\/uydu-ve-santral-sistemleri\/#primaryimage"},"image":{"@id":"http:\/\/www.zappteknoloji.com\/index.php\/uydu-ve-santral-sistemleri\/#primaryimage"},"thumbnailUrl":"https:\/\/www.zappteknoloji.com\/wp-content\/uploads\/2025\/12\/uydu-zapp.jpg","datePublished":"2025-12-07T13:50:32+00:00","dateModified":"2025-12-25T10:29:14+00:00","breadcrumb":{"@id":"http:\/\/www.zappteknoloji.com\/index.php\/uydu-ve-santral-sistemleri\/#breadcrumb"},"inLanguage":"tr","potentialAction":[{"@type":"ReadAction","target":["http:\/\/www.zappteknoloji.com\/index.php\/uydu-ve-santral-sistemleri\/"]}]},{"@type":"ImageObject","inLanguage":"tr","@id":"http:\/\/www.zappteknoloji.com\/index.php\/uydu-ve-santral-sistemleri\/#primaryimage","url":"http:\/\/www.zappteknoloji.com\/wp-content\/uploads\/2025\/12\/uydu-zapp.jpg","contentUrl":"http:\/\/www.zappteknoloji.com\/wp-content\/uploads\/2025\/12\/uydu-zapp.jpg","width":783,"height":391},{"@type":"BreadcrumbList","@id":"http:\/\/www.zappteknoloji.com\/index.php\/uydu-ve-santral-sistemleri\/#breadcrumb","itemListElement":[{"@type":"ListItem","position":1,"name":"Anasayfa","item":"https:\/\/www.zappteknoloji.com\/"},{"@type":"ListItem","position":2,"name":"UYDU VE SANTRAL S\u0130STEMLER\u0130"}]},{"@type":"WebSite","@id":"https:\/\/www.zappteknoloji.com\/#website","url":"https:\/\/www.zappteknoloji.com\/","name":"Zapp teknoloji","description":"S\u0131n\u0131rlar\u0131 A\u015fan teknoloji, Zapp imzas\u0131yla","publisher":{"@id":"https:\/\/www.zappteknoloji.com\/#organization"},"potentialAction":[{"@type":"SearchAction","target":{"@type":"EntryPoint","urlTemplate":"https:\/\/www.zappteknoloji.com\/?s={search_term_string}"},"query-input":{"@type":"PropertyValueSpecification","valueRequired":true,"valueName":"search_term_string"}}],"inLanguage":"tr"},{"@type":"Organization","@id":"https:\/\/www.zappteknoloji.com\/#organization","name":"Zapp teknoloji","url":"https:\/\/www.zappteknoloji.com\/","logo":{"@type":"ImageObject","inLanguage":"tr","@id":"https:\/\/www.zappteknoloji.com\/#\/schema\/logo\/image\/","url":"http:\/\/www.zappteknoloji.com\/wp-content\/uploads\/2025\/12\/cropped-zapp-logo.jpg","contentUrl":"http:\/\/www.zappteknoloji.com\/wp-content\/uploads\/2025\/12\/cropped-zapp-logo.jpg","width":160,"height":78,"caption":"Zapp teknoloji "},"image":{"@id":"https:\/\/www.zappteknoloji.com\/#\/schema\/logo\/image\/"}}]}},"_links":{"self":[{"href":"http:\/\/www.zappteknoloji.com\/index.php\/wp-json\/wp\/v2\/pages\/41","targetHints":{"allow":["GET"]}}],"collection":[{"href":"http:\/\/www.zappteknoloji.com\/index.php\/wp-json\/wp\/v2\/pages"}],"about":[{"href":"http:\/\/www.zappteknoloji.com\/index.php\/wp-json\/wp\/v2\/types\/page"}],"author":[{"embeddable":true,"href":"http:\/\/www.zappteknoloji.com\/index.php\/wp-json\/wp\/v2\/users\/1"}],"replies":[{"embeddable":true,"href":"http:\/\/www.zappteknoloji.com\/index.php\/wp-json\/wp\/v2\/comments?post=41"}],"version-history":[{"count":6,"href":"http:\/\/www.zappteknoloji.com\/index.php\/wp-json\/wp\/v2\/pages\/41\/revisions"}],"predecessor-version":[{"id":388,"href":"http:\/\/www.zappteknoloji.com\/index.php\/wp-json\/wp\/v2\/pages\/41\/revisions\/388"}],"wp:attachment":[{"href":"http:\/\/www.zappteknoloji.com\/index.php\/wp-json\/wp\/v2\/media?parent=41"}],"curies":[{"name":"wp","href":"https:\/\/api.w.org\/{rel}","templated":true}]}}