{"id":37,"date":"2025-12-07T13:49:40","date_gmt":"2025-12-07T13:49:40","guid":{"rendered":"https:\/\/www.zappteknoloji.com\/?page_id=37"},"modified":"2025-12-23T22:55:19","modified_gmt":"2025-12-23T22:55:19","slug":"paket-urunler","status":"publish","type":"page","link":"http:\/\/www.zappteknoloji.com\/index.php\/paket-urunler\/","title":{"rendered":"PAKET \u00dcR\u00dcNLER"},"content":{"rendered":"\n<p class=\"has-text-align-center\"><strong>Paket \u00fcr\u00fcnlerimiz, en \u00e7ok tercih edilen g\u00fcvenlik ve altyap\u0131 sistemlerini uygun fiyatlarla bir araya getirir. Kamera, alarm, yang\u0131n ve ge\u00e7i\u015f kontrol sistemlerinde anahtar teslim \u00e7\u00f6z\u00fcmler sunar. T\u00fcm paketler \u00fccretsiz ke\u015fif ve kurulum hizmeti i\u00e7erir.<\/strong><\/p>\n\n\n\n<p><\/p>\n\n\n\n<div class=\"wp-block-group\"><div class=\"wp-block-group__inner-container is-layout-constrained wp-block-group-is-layout-constrained\">\n<p class=\"has-text-align-center\"><strong><br><br>\ud83d\udd39 EV G\u00dcVENL\u0130K PAKET\u0130<\/strong><\/p>\n\n\n\n<p class=\"has-text-align-center\"><strong><br><\/strong><\/p>\n\n\n<div class=\"wp-block-image\">\n<figure class=\"alignleft size-large is-resized\"><img fetchpriority=\"high\" decoding=\"async\" width=\"1024\" height=\"579\" src=\"https:\/\/www.zappteknoloji.com\/wp-content\/uploads\/2025\/12\/4-AHD-KAMERA-web-site-1024x579.jpg\" alt=\"\" class=\"wp-image-337\" style=\"width:534px;height:auto\" srcset=\"http:\/\/www.zappteknoloji.com\/wp-content\/uploads\/2025\/12\/4-AHD-KAMERA-web-site-1024x579.jpg 1024w, http:\/\/www.zappteknoloji.com\/wp-content\/uploads\/2025\/12\/4-AHD-KAMERA-web-site-300x170.jpg 300w, http:\/\/www.zappteknoloji.com\/wp-content\/uploads\/2025\/12\/4-AHD-KAMERA-web-site-768x434.jpg 768w, http:\/\/www.zappteknoloji.com\/wp-content\/uploads\/2025\/12\/4-AHD-KAMERA-web-site.jpg 1472w\" sizes=\"(max-width: 1024px) 100vw, 1024px\" \/><\/figure><\/div>\n\n<div class=\"wp-block-image\">\n<figure class=\"aligncenter size-large is-resized\"><img decoding=\"async\" width=\"1024\" height=\"579\" src=\"http:\/\/www.zappteknoloji.com\/wp-content\/uploads\/2025\/12\/4-IP-KAMERA-WEB-1024x579.png\" alt=\"\" class=\"wp-image-338\" style=\"width:552px;height:auto\" srcset=\"http:\/\/www.zappteknoloji.com\/wp-content\/uploads\/2025\/12\/4-IP-KAMERA-WEB-1024x579.png 1024w, http:\/\/www.zappteknoloji.com\/wp-content\/uploads\/2025\/12\/4-IP-KAMERA-WEB-300x170.png 300w, http:\/\/www.zappteknoloji.com\/wp-content\/uploads\/2025\/12\/4-IP-KAMERA-WEB-768x434.png 768w, http:\/\/www.zappteknoloji.com\/wp-content\/uploads\/2025\/12\/4-IP-KAMERA-WEB.png 1472w\" sizes=\"(max-width: 1024px) 100vw, 1024px\" \/><\/figure><\/div><\/div><\/div>\n\n\n\n<p class=\"has-text-align-center\"><strong><br>\ud83d\udc49 Ev ve daireler i\u00e7in idealdir<\/strong><\/p>\n\n\n\n<div class=\"wp-block-group\"><div class=\"wp-block-group__inner-container is-layout-constrained wp-block-group-is-layout-constrained\">\n<p class=\"has-text-align-center\"><strong><br>\ud83d\udd39\u0130\u015eYER\u0130 KAMERA PAKET\u0130<br><\/strong><\/p>\n\n\n\n<div class=\"wp-block-group is-nowrap is-layout-flex wp-container-core-group-is-layout-ad2f72ca wp-block-group-is-layout-flex\">\n<div class=\"wp-block-columns is-layout-flex wp-container-core-columns-is-layout-9d6595d7 wp-block-columns-is-layout-flex\">\n<div class=\"wp-block-column is-layout-flow wp-block-column-is-layout-flow\" style=\"flex-basis:100%\"><div class=\"wp-block-image\">\n<figure class=\"alignleft size-large is-resized\"><img decoding=\"async\" width=\"1024\" height=\"579\" src=\"https:\/\/www.zappteknoloji.com\/wp-content\/uploads\/2025\/12\/8-AHD-KAMERA-WEB-1024x579.jpg\" alt=\"\" class=\"wp-image-339\" style=\"width:520px;height:auto\" srcset=\"http:\/\/www.zappteknoloji.com\/wp-content\/uploads\/2025\/12\/8-AHD-KAMERA-WEB-1024x579.jpg 1024w, http:\/\/www.zappteknoloji.com\/wp-content\/uploads\/2025\/12\/8-AHD-KAMERA-WEB-300x170.jpg 300w, http:\/\/www.zappteknoloji.com\/wp-content\/uploads\/2025\/12\/8-AHD-KAMERA-WEB-768x434.jpg 768w, http:\/\/www.zappteknoloji.com\/wp-content\/uploads\/2025\/12\/8-AHD-KAMERA-WEB.jpg 1472w\" sizes=\"(max-width: 1024px) 100vw, 1024px\" \/><\/figure><\/div>\n\n\n<div class=\"wp-block-group\"><div class=\"wp-block-group__inner-container is-layout-constrained wp-block-group-is-layout-constrained\">\n<div class=\"wp-block-columns is-layout-flex wp-container-core-columns-is-layout-9d6595d7 wp-block-columns-is-layout-flex\">\n<div class=\"wp-block-column is-layout-flow wp-block-column-is-layout-flow\" style=\"flex-basis:100%\"><\/div>\n<\/div>\n<\/div><\/div>\n<\/div>\n<\/div>\n\n\n\n<div class=\"wp-block-columns is-layout-flex wp-container-core-columns-is-layout-9d6595d7 wp-block-columns-is-layout-flex\">\n<div class=\"wp-block-column is-layout-flow wp-block-column-is-layout-flow\"><\/div>\n\n\n\n<div class=\"wp-block-column is-layout-flow wp-block-column-is-layout-flow\"><\/div>\n<\/div>\n\n\n\n<figure class=\"wp-block-image size-large\"><img loading=\"lazy\" decoding=\"async\" width=\"1024\" height=\"579\" src=\"http:\/\/www.zappteknoloji.com\/wp-content\/uploads\/2025\/12\/8-IP-KAMERA-WEB-1024x579.png\" alt=\"\" class=\"wp-image-340\" srcset=\"http:\/\/www.zappteknoloji.com\/wp-content\/uploads\/2025\/12\/8-IP-KAMERA-WEB-1024x579.png 1024w, http:\/\/www.zappteknoloji.com\/wp-content\/uploads\/2025\/12\/8-IP-KAMERA-WEB-300x170.png 300w, http:\/\/www.zappteknoloji.com\/wp-content\/uploads\/2025\/12\/8-IP-KAMERA-WEB-768x434.png 768w, http:\/\/www.zappteknoloji.com\/wp-content\/uploads\/2025\/12\/8-IP-KAMERA-WEB.png 1472w\" sizes=\"(max-width: 1024px) 100vw, 1024px\" \/><\/figure>\n<\/div>\n<\/div><\/div>\n\n\n\n<p class=\"has-text-align-center\"><strong><br>\ud83d\udc49 Ofis, ma\u011faza ve d\u00fckkanlar i\u00e7in<\/strong><\/p>\n\n\n\n<p class=\"has-text-align-center\"><strong><br>\ud83d\udd39 Site &amp; Apartman Paketi<br>IP kamera sistemi<br>Plaka tan\u0131ma entegrasyonu<br>Merkezi uydu sistemi<br>Ortak alan g\u00fcvenli\u011fi<br>Projelendirme ve kurulum<\/strong><\/p>\n\n\n\n<p class=\"has-text-align-center\"><strong><br>\ud83d\udc49 Apartman ve site y\u00f6netimleri i\u00e7in<br>\ud83d\udd39 Personel Takip Paketi<br>Y\u00fcz tan\u0131ma veya kartl\u0131 sistem<br>Giri\u015f\u2013\u00e7\u0131k\u0131\u015f takibi<br>Turnike \/ kap\u0131 entegrasyonu<br>Raporlama yaz\u0131l\u0131m\u0131<\/strong><\/p>\n\n\n\n<p class=\"has-text-align-center\"><strong><br>\ud83d\udc49 Fabrika ve kurumsal firmalar i\u00e7in<br>\ud83d\udd39 Yang\u0131n &amp; Alarm Paketi<br>Duman ve \u0131s\u0131 dedekt\u00f6rleri<br>Yang\u0131n ihbar paneli<br>Sesli ve \u0131\u015f\u0131kl\u0131 uyar\u0131<br>Alarm sistemi entegrasyonu<\/strong><\/p>\n\n\n\n<p class=\"has-text-align-center\"><strong><br>\ud83d\udc49 Can ve mal g\u00fcvenli\u011fi i\u00e7in<br>\ud83d\udd39 Full G\u00fcvenlik Paketi<br>Kamera sistemi<br>Alarm sistemi<br>Yang\u0131n alg\u0131lama<br>Plaka veya personel takip<br>Mobil eri\u015fim ve raporlama<\/strong><\/p>\n\n\n\n<p class=\"has-text-align-center\"><strong><br>\ud83d\udc49 Anahtar teslim g\u00fcvenlik \u00e7\u00f6z\u00fcm\u00fc<\/strong><\/p>\n\n<div class=\"zapp-header-marquee\">\n  <div class=\"zapp-header-track\">\n\n    <div class=\"zapp-item\"><div class=\"zapp-title\">HIKVISION<\/div><div class=\"zapp-desc\">G\u00fcvenlik Kamera Sistemleri<\/div><\/div>\n    <div class=\"zapp-item\"><div class=\"zapp-title\">DAHUA<\/div><div class=\"zapp-desc\">IP Kamera Sistemleri<\/div><\/div>\n    <div class=\"zapp-item\"><div class=\"zapp-title\">AJAX<\/div><div class=\"zapp-desc\">Kablosuz Alarm Sistemleri<\/div><\/div>\n    <div class=\"zapp-item\"><div class=\"zapp-title\">PARADOX<\/div><div class=\"zapp-desc\">Alarm Panel Sistemleri<\/div><\/div>\n    <div class=\"zapp-item\"><div class=\"zapp-title\">TP-LINK<\/div><div class=\"zapp-desc\">Network Sistemleri<\/div><\/div>\n\n    <!-- TEKRAR -->\n    <div class=\"zapp-item\"><div class=\"zapp-title\">HIKVISION<\/div><div class=\"zapp-desc\">G\u00fcvenlik Kamera Sistemleri<\/div><\/div>\n    <div class=\"zapp-item\"><div class=\"zapp-title\">DAHUA<\/div><div class=\"zapp-desc\">IP Kamera Sistemleri<\/div><\/div>\n    <div class=\"zapp-item\"><div class=\"zapp-title\">AJAX<\/div><div class=\"zapp-desc\">Kablosuz Alarm Sistemleri<\/div><\/div>\n    <div class=\"zapp-item\"><div class=\"zapp-title\">PARADOX<\/div><div class=\"zapp-desc\">Alarm Panel Sistemleri<\/div><\/div>\n    <div class=\"zapp-item\"><div class=\"zapp-title\">TP-LINK<\/div><div class=\"zapp-desc\">Network Sistemleri<\/div><\/div>\n\n  <\/div>\n<\/div>\n","protected":false},"excerpt":{"rendered":"<p>Paket \u00fcr\u00fcnlerimiz, en \u00e7ok tercih edilen g\u00fcvenlik ve altyap\u0131 sistemlerini uygun fiyatlarla bir araya getirir. Kamera, alarm, yang\u0131n ve ge\u00e7i\u015f kontrol sistemlerinde anahtar teslim \u00e7\u00f6z\u00fcmler [&hellip;]<\/p>\n","protected":false},"author":1,"featured_media":0,"parent":0,"menu_order":0,"comment_status":"closed","ping_status":"closed","template":"","meta":{"footnotes":""},"class_list":["post-37","page","type-page","status-publish","hentry"],"yoast_head":"<!-- This site is optimized with the Yoast SEO plugin v27.5 - https:\/\/yoast.com\/product\/yoast-seo-wordpress\/ -->\n<title>PAKET \u00dcR\u00dcNLER - Zapp teknoloji<\/title>\n<meta name=\"robots\" content=\"index, follow, max-snippet:-1, max-image-preview:large, max-video-preview:-1\" \/>\n<link rel=\"canonical\" href=\"http:\/\/www.zappteknoloji.com\/index.php\/paket-urunler\/\" \/>\n<meta property=\"og:locale\" content=\"tr_TR\" \/>\n<meta property=\"og:type\" content=\"article\" \/>\n<meta property=\"og:title\" content=\"PAKET \u00dcR\u00dcNLER - Zapp teknoloji\" \/>\n<meta property=\"og:description\" content=\"Paket \u00fcr\u00fcnlerimiz, en \u00e7ok tercih edilen g\u00fcvenlik ve altyap\u0131 sistemlerini uygun fiyatlarla bir araya getirir. Kamera, alarm, yang\u0131n ve ge\u00e7i\u015f kontrol sistemlerinde anahtar teslim \u00e7\u00f6z\u00fcmler [&hellip;]\" \/>\n<meta property=\"og:url\" content=\"http:\/\/www.zappteknoloji.com\/index.php\/paket-urunler\/\" \/>\n<meta property=\"og:site_name\" content=\"Zapp teknoloji\" \/>\n<meta property=\"article:modified_time\" content=\"2025-12-23T22:55:19+00:00\" \/>\n<meta property=\"og:image\" content=\"https:\/\/www.zappteknoloji.com\/wp-content\/uploads\/2025\/12\/4-AHD-KAMERA-web-site-1024x579.jpg\" \/>\n<meta name=\"twitter:card\" content=\"summary_large_image\" \/>\n<meta name=\"twitter:label1\" content=\"Tahmini okuma s\u00fcresi\" \/>\n\t<meta name=\"twitter:data1\" content=\"2 dakika\" \/>\n<script type=\"application\/ld+json\" class=\"yoast-schema-graph\">{\"@context\":\"https:\\\/\\\/schema.org\",\"@graph\":[{\"@type\":\"WebPage\",\"@id\":\"http:\\\/\\\/www.zappteknoloji.com\\\/index.php\\\/paket-urunler\\\/\",\"url\":\"http:\\\/\\\/www.zappteknoloji.com\\\/index.php\\\/paket-urunler\\\/\",\"name\":\"PAKET \u00dcR\u00dcNLER - Zapp teknoloji\",\"isPartOf\":{\"@id\":\"https:\\\/\\\/www.zappteknoloji.com\\\/#website\"},\"primaryImageOfPage\":{\"@id\":\"http:\\\/\\\/www.zappteknoloji.com\\\/index.php\\\/paket-urunler\\\/#primaryimage\"},\"image\":{\"@id\":\"http:\\\/\\\/www.zappteknoloji.com\\\/index.php\\\/paket-urunler\\\/#primaryimage\"},\"thumbnailUrl\":\"https:\\\/\\\/www.zappteknoloji.com\\\/wp-content\\\/uploads\\\/2025\\\/12\\\/4-AHD-KAMERA-web-site-1024x579.jpg\",\"datePublished\":\"2025-12-07T13:49:40+00:00\",\"dateModified\":\"2025-12-23T22:55:19+00:00\",\"breadcrumb\":{\"@id\":\"http:\\\/\\\/www.zappteknoloji.com\\\/index.php\\\/paket-urunler\\\/#breadcrumb\"},\"inLanguage\":\"tr\",\"potentialAction\":[{\"@type\":\"ReadAction\",\"target\":[\"http:\\\/\\\/www.zappteknoloji.com\\\/index.php\\\/paket-urunler\\\/\"]}]},{\"@type\":\"ImageObject\",\"inLanguage\":\"tr\",\"@id\":\"http:\\\/\\\/www.zappteknoloji.com\\\/index.php\\\/paket-urunler\\\/#primaryimage\",\"url\":\"http:\\\/\\\/www.zappteknoloji.com\\\/wp-content\\\/uploads\\\/2025\\\/12\\\/4-AHD-KAMERA-web-site.jpg\",\"contentUrl\":\"http:\\\/\\\/www.zappteknoloji.com\\\/wp-content\\\/uploads\\\/2025\\\/12\\\/4-AHD-KAMERA-web-site.jpg\",\"width\":1472,\"height\":832},{\"@type\":\"BreadcrumbList\",\"@id\":\"http:\\\/\\\/www.zappteknoloji.com\\\/index.php\\\/paket-urunler\\\/#breadcrumb\",\"itemListElement\":[{\"@type\":\"ListItem\",\"position\":1,\"name\":\"Anasayfa\",\"item\":\"https:\\\/\\\/www.zappteknoloji.com\\\/\"},{\"@type\":\"ListItem\",\"position\":2,\"name\":\"PAKET \u00dcR\u00dcNLER\"}]},{\"@type\":\"WebSite\",\"@id\":\"https:\\\/\\\/www.zappteknoloji.com\\\/#website\",\"url\":\"https:\\\/\\\/www.zappteknoloji.com\\\/\",\"name\":\"Zapp teknoloji\",\"description\":\"S\u0131n\u0131rlar\u0131 A\u015fan teknoloji, Zapp imzas\u0131yla\",\"publisher\":{\"@id\":\"https:\\\/\\\/www.zappteknoloji.com\\\/#organization\"},\"potentialAction\":[{\"@type\":\"SearchAction\",\"target\":{\"@type\":\"EntryPoint\",\"urlTemplate\":\"https:\\\/\\\/www.zappteknoloji.com\\\/?s={search_term_string}\"},\"query-input\":{\"@type\":\"PropertyValueSpecification\",\"valueRequired\":true,\"valueName\":\"search_term_string\"}}],\"inLanguage\":\"tr\"},{\"@type\":\"Organization\",\"@id\":\"https:\\\/\\\/www.zappteknoloji.com\\\/#organization\",\"name\":\"Zapp teknoloji\",\"url\":\"https:\\\/\\\/www.zappteknoloji.com\\\/\",\"logo\":{\"@type\":\"ImageObject\",\"inLanguage\":\"tr\",\"@id\":\"https:\\\/\\\/www.zappteknoloji.com\\\/#\\\/schema\\\/logo\\\/image\\\/\",\"url\":\"http:\\\/\\\/www.zappteknoloji.com\\\/wp-content\\\/uploads\\\/2025\\\/12\\\/cropped-zapp-logo.jpg\",\"contentUrl\":\"http:\\\/\\\/www.zappteknoloji.com\\\/wp-content\\\/uploads\\\/2025\\\/12\\\/cropped-zapp-logo.jpg\",\"width\":160,\"height\":78,\"caption\":\"Zapp teknoloji \"},\"image\":{\"@id\":\"https:\\\/\\\/www.zappteknoloji.com\\\/#\\\/schema\\\/logo\\\/image\\\/\"}}]}<\/script>\n<!-- \/ Yoast SEO plugin. -->","yoast_head_json":{"title":"PAKET \u00dcR\u00dcNLER - Zapp teknoloji","robots":{"index":"index","follow":"follow","max-snippet":"max-snippet:-1","max-image-preview":"max-image-preview:large","max-video-preview":"max-video-preview:-1"},"canonical":"http:\/\/www.zappteknoloji.com\/index.php\/paket-urunler\/","og_locale":"tr_TR","og_type":"article","og_title":"PAKET \u00dcR\u00dcNLER - Zapp teknoloji","og_description":"Paket \u00fcr\u00fcnlerimiz, en \u00e7ok tercih edilen g\u00fcvenlik ve altyap\u0131 sistemlerini uygun fiyatlarla bir araya getirir. Kamera, alarm, yang\u0131n ve ge\u00e7i\u015f kontrol sistemlerinde anahtar teslim \u00e7\u00f6z\u00fcmler [&hellip;]","og_url":"http:\/\/www.zappteknoloji.com\/index.php\/paket-urunler\/","og_site_name":"Zapp teknoloji","article_modified_time":"2025-12-23T22:55:19+00:00","og_image":[{"url":"https:\/\/www.zappteknoloji.com\/wp-content\/uploads\/2025\/12\/4-AHD-KAMERA-web-site-1024x579.jpg","type":"","width":"","height":""}],"twitter_card":"summary_large_image","twitter_misc":{"Tahmini okuma s\u00fcresi":"2 dakika"},"schema":{"@context":"https:\/\/schema.org","@graph":[{"@type":"WebPage","@id":"http:\/\/www.zappteknoloji.com\/index.php\/paket-urunler\/","url":"http:\/\/www.zappteknoloji.com\/index.php\/paket-urunler\/","name":"PAKET \u00dcR\u00dcNLER - Zapp teknoloji","isPartOf":{"@id":"https:\/\/www.zappteknoloji.com\/#website"},"primaryImageOfPage":{"@id":"http:\/\/www.zappteknoloji.com\/index.php\/paket-urunler\/#primaryimage"},"image":{"@id":"http:\/\/www.zappteknoloji.com\/index.php\/paket-urunler\/#primaryimage"},"thumbnailUrl":"https:\/\/www.zappteknoloji.com\/wp-content\/uploads\/2025\/12\/4-AHD-KAMERA-web-site-1024x579.jpg","datePublished":"2025-12-07T13:49:40+00:00","dateModified":"2025-12-23T22:55:19+00:00","breadcrumb":{"@id":"http:\/\/www.zappteknoloji.com\/index.php\/paket-urunler\/#breadcrumb"},"inLanguage":"tr","potentialAction":[{"@type":"ReadAction","target":["http:\/\/www.zappteknoloji.com\/index.php\/paket-urunler\/"]}]},{"@type":"ImageObject","inLanguage":"tr","@id":"http:\/\/www.zappteknoloji.com\/index.php\/paket-urunler\/#primaryimage","url":"http:\/\/www.zappteknoloji.com\/wp-content\/uploads\/2025\/12\/4-AHD-KAMERA-web-site.jpg","contentUrl":"http:\/\/www.zappteknoloji.com\/wp-content\/uploads\/2025\/12\/4-AHD-KAMERA-web-site.jpg","width":1472,"height":832},{"@type":"BreadcrumbList","@id":"http:\/\/www.zappteknoloji.com\/index.php\/paket-urunler\/#breadcrumb","itemListElement":[{"@type":"ListItem","position":1,"name":"Anasayfa","item":"https:\/\/www.zappteknoloji.com\/"},{"@type":"ListItem","position":2,"name":"PAKET \u00dcR\u00dcNLER"}]},{"@type":"WebSite","@id":"https:\/\/www.zappteknoloji.com\/#website","url":"https:\/\/www.zappteknoloji.com\/","name":"Zapp teknoloji","description":"S\u0131n\u0131rlar\u0131 A\u015fan teknoloji, Zapp imzas\u0131yla","publisher":{"@id":"https:\/\/www.zappteknoloji.com\/#organization"},"potentialAction":[{"@type":"SearchAction","target":{"@type":"EntryPoint","urlTemplate":"https:\/\/www.zappteknoloji.com\/?s={search_term_string}"},"query-input":{"@type":"PropertyValueSpecification","valueRequired":true,"valueName":"search_term_string"}}],"inLanguage":"tr"},{"@type":"Organization","@id":"https:\/\/www.zappteknoloji.com\/#organization","name":"Zapp teknoloji","url":"https:\/\/www.zappteknoloji.com\/","logo":{"@type":"ImageObject","inLanguage":"tr","@id":"https:\/\/www.zappteknoloji.com\/#\/schema\/logo\/image\/","url":"http:\/\/www.zappteknoloji.com\/wp-content\/uploads\/2025\/12\/cropped-zapp-logo.jpg","contentUrl":"http:\/\/www.zappteknoloji.com\/wp-content\/uploads\/2025\/12\/cropped-zapp-logo.jpg","width":160,"height":78,"caption":"Zapp teknoloji "},"image":{"@id":"https:\/\/www.zappteknoloji.com\/#\/schema\/logo\/image\/"}}]}},"_links":{"self":[{"href":"http:\/\/www.zappteknoloji.com\/index.php\/wp-json\/wp\/v2\/pages\/37","targetHints":{"allow":["GET"]}}],"collection":[{"href":"http:\/\/www.zappteknoloji.com\/index.php\/wp-json\/wp\/v2\/pages"}],"about":[{"href":"http:\/\/www.zappteknoloji.com\/index.php\/wp-json\/wp\/v2\/types\/page"}],"author":[{"embeddable":true,"href":"http:\/\/www.zappteknoloji.com\/index.php\/wp-json\/wp\/v2\/users\/1"}],"replies":[{"embeddable":true,"href":"http:\/\/www.zappteknoloji.com\/index.php\/wp-json\/wp\/v2\/comments?post=37"}],"version-history":[{"count":5,"href":"http:\/\/www.zappteknoloji.com\/index.php\/wp-json\/wp\/v2\/pages\/37\/revisions"}],"predecessor-version":[{"id":341,"href":"http:\/\/www.zappteknoloji.com\/index.php\/wp-json\/wp\/v2\/pages\/37\/revisions\/341"}],"wp:attachment":[{"href":"http:\/\/www.zappteknoloji.com\/index.php\/wp-json\/wp\/v2\/media?parent=37"}],"curies":[{"name":"wp","href":"https:\/\/api.w.org\/{rel}","templated":true}]}}