{"id":35,"date":"2025-12-07T13:49:22","date_gmt":"2025-12-07T13:49:22","guid":{"rendered":"https:\/\/www.zappteknoloji.com\/?page_id=35"},"modified":"2025-12-23T21:25:08","modified_gmt":"2025-12-23T21:25:08","slug":"akilli-ev-sistemleri","status":"publish","type":"page","link":"http:\/\/www.zappteknoloji.com\/index.php\/akilli-ev-sistemleri\/","title":{"rendered":"AKILLI EV S\u0130STEMLER\u0130"},"content":{"rendered":"\n<p><\/p>\n\n\n\n<h2 class=\"wp-block-heading\">Zapp Teknoloji, ak\u0131ll\u0131 ev sistemlerinde g\u00fcvenilir altyap\u0131y\u0131, sezgisel kontrol\u00fc ve y\u00fcksek teknolojiyi tek \u00e7at\u0131 alt\u0131nda sunar.<\/h2>\n\n\n\n<p><strong>Her cihaz\u0131n kusursuz \u00e7al\u0131\u015ft\u0131\u011f\u0131, ar\u0131zalar\u0131n h\u0131zl\u0131 \u00e7\u00f6z\u00fcld\u00fc\u011f\u00fc ve ya\u015fam konforunun y\u00fckseldi\u011fi bir sistem kurar\u0131z.<\/strong><\/p>\n\n\n\n<figure class=\"wp-block-image\"><img fetchpriority=\"high\" decoding=\"async\" width=\"1024\" height=\"898\" src=\"https:\/\/www.zappteknoloji.com\/wp-content\/uploads\/2025\/12\/akilli-ev-nedir-1-2-1024x898-1.png\" alt=\"\" class=\"wp-image-168\" srcset=\"http:\/\/www.zappteknoloji.com\/wp-content\/uploads\/2025\/12\/akilli-ev-nedir-1-2-1024x898-1.png 1024w, http:\/\/www.zappteknoloji.com\/wp-content\/uploads\/2025\/12\/akilli-ev-nedir-1-2-1024x898-1-300x263.png 300w, http:\/\/www.zappteknoloji.com\/wp-content\/uploads\/2025\/12\/akilli-ev-nedir-1-2-1024x898-1-768x674.png 768w\" sizes=\"(max-width: 1024px) 100vw, 1024px\" \/><\/figure>\n\n<div class=\"zapp-header-marquee\">\n  <div class=\"zapp-header-track\">\n\n    <div class=\"zapp-item\"><div class=\"zapp-title\">HIKVISION<\/div><div class=\"zapp-desc\">G\u00fcvenlik Kamera Sistemleri<\/div><\/div>\n    <div class=\"zapp-item\"><div class=\"zapp-title\">DAHUA<\/div><div class=\"zapp-desc\">IP Kamera Sistemleri<\/div><\/div>\n    <div class=\"zapp-item\"><div class=\"zapp-title\">AJAX<\/div><div class=\"zapp-desc\">Kablosuz Alarm Sistemleri<\/div><\/div>\n    <div class=\"zapp-item\"><div class=\"zapp-title\">PARADOX<\/div><div class=\"zapp-desc\">Alarm Panel Sistemleri<\/div><\/div>\n    <div class=\"zapp-item\"><div class=\"zapp-title\">TP-LINK<\/div><div class=\"zapp-desc\">Network Sistemleri<\/div><\/div>\n\n    <!-- TEKRAR -->\n    <div class=\"zapp-item\"><div class=\"zapp-title\">HIKVISION<\/div><div class=\"zapp-desc\">G\u00fcvenlik Kamera Sistemleri<\/div><\/div>\n    <div class=\"zapp-item\"><div class=\"zapp-title\">DAHUA<\/div><div class=\"zapp-desc\">IP Kamera Sistemleri<\/div><\/div>\n    <div class=\"zapp-item\"><div class=\"zapp-title\">AJAX<\/div><div class=\"zapp-desc\">Kablosuz Alarm Sistemleri<\/div><\/div>\n    <div class=\"zapp-item\"><div class=\"zapp-title\">PARADOX<\/div><div class=\"zapp-desc\">Alarm Panel Sistemleri<\/div><\/div>\n    <div class=\"zapp-item\"><div class=\"zapp-title\">TP-LINK<\/div><div class=\"zapp-desc\">Network Sistemleri<\/div><\/div>\n\n  <\/div>\n<\/div>\n","protected":false},"excerpt":{"rendered":"<p>Zapp Teknoloji, ak\u0131ll\u0131 ev sistemlerinde g\u00fcvenilir altyap\u0131y\u0131, sezgisel kontrol\u00fc ve y\u00fcksek teknolojiyi tek \u00e7at\u0131 alt\u0131nda sunar. Her cihaz\u0131n kusursuz \u00e7al\u0131\u015ft\u0131\u011f\u0131, ar\u0131zalar\u0131n h\u0131zl\u0131 \u00e7\u00f6z\u00fcld\u00fc\u011f\u00fc ve ya\u015fam [&hellip;]<\/p>\n","protected":false},"author":1,"featured_media":0,"parent":0,"menu_order":0,"comment_status":"closed","ping_status":"closed","template":"","meta":{"footnotes":""},"class_list":["post-35","page","type-page","status-publish","hentry"],"yoast_head":"<!-- This site is optimized with the Yoast SEO plugin v27.5 - https:\/\/yoast.com\/product\/yoast-seo-wordpress\/ -->\n<title>AKILLI EV S\u0130STEMLER\u0130 - Zapp teknoloji<\/title>\n<meta name=\"description\" content=\"Elektrik - kamera - g\u00fcvenlik -ak\u0131ll\u0131 - ev-sistemleri\" \/>\n<meta name=\"robots\" content=\"index, follow, max-snippet:-1, max-image-preview:large, max-video-preview:-1\" \/>\n<link rel=\"canonical\" href=\"http:\/\/www.zappteknoloji.com\/index.php\/akilli-ev-sistemleri\/\" \/>\n<meta property=\"og:locale\" content=\"tr_TR\" \/>\n<meta property=\"og:type\" content=\"article\" \/>\n<meta property=\"og:title\" content=\"AKILLI EV S\u0130STEMLER\u0130 - Zapp teknoloji\" \/>\n<meta property=\"og:description\" content=\"Elektrik - kamera - g\u00fcvenlik -ak\u0131ll\u0131 - ev-sistemleri\" \/>\n<meta property=\"og:url\" content=\"http:\/\/www.zappteknoloji.com\/index.php\/akilli-ev-sistemleri\/\" \/>\n<meta property=\"og:site_name\" content=\"Zapp teknoloji\" \/>\n<meta property=\"article:modified_time\" content=\"2025-12-23T21:25:08+00:00\" \/>\n<meta property=\"og:image\" content=\"https:\/\/www.zappteknoloji.com\/wp-content\/uploads\/2025\/12\/akilli-ev-nedir-1-2-1024x898-1.png\" \/>\n<meta name=\"twitter:card\" content=\"summary_large_image\" \/>\n<meta name=\"twitter:label1\" content=\"Tahmini okuma s\u00fcresi\" \/>\n\t<meta name=\"twitter:data1\" content=\"1 dakika\" \/>\n<script type=\"application\/ld+json\" class=\"yoast-schema-graph\">{\"@context\":\"https:\\\/\\\/schema.org\",\"@graph\":[{\"@type\":\"WebPage\",\"@id\":\"http:\\\/\\\/www.zappteknoloji.com\\\/index.php\\\/akilli-ev-sistemleri\\\/\",\"url\":\"http:\\\/\\\/www.zappteknoloji.com\\\/index.php\\\/akilli-ev-sistemleri\\\/\",\"name\":\"AKILLI EV S\u0130STEMLER\u0130 - Zapp teknoloji\",\"isPartOf\":{\"@id\":\"https:\\\/\\\/www.zappteknoloji.com\\\/#website\"},\"primaryImageOfPage\":{\"@id\":\"http:\\\/\\\/www.zappteknoloji.com\\\/index.php\\\/akilli-ev-sistemleri\\\/#primaryimage\"},\"image\":{\"@id\":\"http:\\\/\\\/www.zappteknoloji.com\\\/index.php\\\/akilli-ev-sistemleri\\\/#primaryimage\"},\"thumbnailUrl\":\"https:\\\/\\\/www.zappteknoloji.com\\\/wp-content\\\/uploads\\\/2025\\\/12\\\/akilli-ev-nedir-1-2-1024x898-1.png\",\"datePublished\":\"2025-12-07T13:49:22+00:00\",\"dateModified\":\"2025-12-23T21:25:08+00:00\",\"description\":\"Elektrik - kamera - g\u00fcvenlik -ak\u0131ll\u0131 - ev-sistemleri\",\"breadcrumb\":{\"@id\":\"http:\\\/\\\/www.zappteknoloji.com\\\/index.php\\\/akilli-ev-sistemleri\\\/#breadcrumb\"},\"inLanguage\":\"tr\",\"potentialAction\":[{\"@type\":\"ReadAction\",\"target\":[\"http:\\\/\\\/www.zappteknoloji.com\\\/index.php\\\/akilli-ev-sistemleri\\\/\"]}]},{\"@type\":\"ImageObject\",\"inLanguage\":\"tr\",\"@id\":\"http:\\\/\\\/www.zappteknoloji.com\\\/index.php\\\/akilli-ev-sistemleri\\\/#primaryimage\",\"url\":\"http:\\\/\\\/www.zappteknoloji.com\\\/wp-content\\\/uploads\\\/2025\\\/12\\\/akilli-ev-nedir-1-2-1024x898-1.png\",\"contentUrl\":\"http:\\\/\\\/www.zappteknoloji.com\\\/wp-content\\\/uploads\\\/2025\\\/12\\\/akilli-ev-nedir-1-2-1024x898-1.png\",\"width\":1024,\"height\":898},{\"@type\":\"BreadcrumbList\",\"@id\":\"http:\\\/\\\/www.zappteknoloji.com\\\/index.php\\\/akilli-ev-sistemleri\\\/#breadcrumb\",\"itemListElement\":[{\"@type\":\"ListItem\",\"position\":1,\"name\":\"Anasayfa\",\"item\":\"https:\\\/\\\/www.zappteknoloji.com\\\/\"},{\"@type\":\"ListItem\",\"position\":2,\"name\":\"AKILLI EV S\u0130STEMLER\u0130\"}]},{\"@type\":\"WebSite\",\"@id\":\"https:\\\/\\\/www.zappteknoloji.com\\\/#website\",\"url\":\"https:\\\/\\\/www.zappteknoloji.com\\\/\",\"name\":\"Zapp teknoloji\",\"description\":\"S\u0131n\u0131rlar\u0131 A\u015fan teknoloji, Zapp imzas\u0131yla\",\"publisher\":{\"@id\":\"https:\\\/\\\/www.zappteknoloji.com\\\/#organization\"},\"potentialAction\":[{\"@type\":\"SearchAction\",\"target\":{\"@type\":\"EntryPoint\",\"urlTemplate\":\"https:\\\/\\\/www.zappteknoloji.com\\\/?s={search_term_string}\"},\"query-input\":{\"@type\":\"PropertyValueSpecification\",\"valueRequired\":true,\"valueName\":\"search_term_string\"}}],\"inLanguage\":\"tr\"},{\"@type\":\"Organization\",\"@id\":\"https:\\\/\\\/www.zappteknoloji.com\\\/#organization\",\"name\":\"Zapp teknoloji\",\"url\":\"https:\\\/\\\/www.zappteknoloji.com\\\/\",\"logo\":{\"@type\":\"ImageObject\",\"inLanguage\":\"tr\",\"@id\":\"https:\\\/\\\/www.zappteknoloji.com\\\/#\\\/schema\\\/logo\\\/image\\\/\",\"url\":\"http:\\\/\\\/www.zappteknoloji.com\\\/wp-content\\\/uploads\\\/2025\\\/12\\\/cropped-zapp-logo.jpg\",\"contentUrl\":\"http:\\\/\\\/www.zappteknoloji.com\\\/wp-content\\\/uploads\\\/2025\\\/12\\\/cropped-zapp-logo.jpg\",\"width\":160,\"height\":78,\"caption\":\"Zapp teknoloji \"},\"image\":{\"@id\":\"https:\\\/\\\/www.zappteknoloji.com\\\/#\\\/schema\\\/logo\\\/image\\\/\"}}]}<\/script>\n<!-- \/ Yoast SEO plugin. -->","yoast_head_json":{"title":"AKILLI EV S\u0130STEMLER\u0130 - Zapp teknoloji","description":"Elektrik - kamera - g\u00fcvenlik -ak\u0131ll\u0131 - ev-sistemleri","robots":{"index":"index","follow":"follow","max-snippet":"max-snippet:-1","max-image-preview":"max-image-preview:large","max-video-preview":"max-video-preview:-1"},"canonical":"http:\/\/www.zappteknoloji.com\/index.php\/akilli-ev-sistemleri\/","og_locale":"tr_TR","og_type":"article","og_title":"AKILLI EV S\u0130STEMLER\u0130 - Zapp teknoloji","og_description":"Elektrik - kamera - g\u00fcvenlik -ak\u0131ll\u0131 - ev-sistemleri","og_url":"http:\/\/www.zappteknoloji.com\/index.php\/akilli-ev-sistemleri\/","og_site_name":"Zapp teknoloji","article_modified_time":"2025-12-23T21:25:08+00:00","og_image":[{"url":"https:\/\/www.zappteknoloji.com\/wp-content\/uploads\/2025\/12\/akilli-ev-nedir-1-2-1024x898-1.png","type":"","width":"","height":""}],"twitter_card":"summary_large_image","twitter_misc":{"Tahmini okuma s\u00fcresi":"1 dakika"},"schema":{"@context":"https:\/\/schema.org","@graph":[{"@type":"WebPage","@id":"http:\/\/www.zappteknoloji.com\/index.php\/akilli-ev-sistemleri\/","url":"http:\/\/www.zappteknoloji.com\/index.php\/akilli-ev-sistemleri\/","name":"AKILLI EV S\u0130STEMLER\u0130 - Zapp teknoloji","isPartOf":{"@id":"https:\/\/www.zappteknoloji.com\/#website"},"primaryImageOfPage":{"@id":"http:\/\/www.zappteknoloji.com\/index.php\/akilli-ev-sistemleri\/#primaryimage"},"image":{"@id":"http:\/\/www.zappteknoloji.com\/index.php\/akilli-ev-sistemleri\/#primaryimage"},"thumbnailUrl":"https:\/\/www.zappteknoloji.com\/wp-content\/uploads\/2025\/12\/akilli-ev-nedir-1-2-1024x898-1.png","datePublished":"2025-12-07T13:49:22+00:00","dateModified":"2025-12-23T21:25:08+00:00","description":"Elektrik - kamera - g\u00fcvenlik -ak\u0131ll\u0131 - ev-sistemleri","breadcrumb":{"@id":"http:\/\/www.zappteknoloji.com\/index.php\/akilli-ev-sistemleri\/#breadcrumb"},"inLanguage":"tr","potentialAction":[{"@type":"ReadAction","target":["http:\/\/www.zappteknoloji.com\/index.php\/akilli-ev-sistemleri\/"]}]},{"@type":"ImageObject","inLanguage":"tr","@id":"http:\/\/www.zappteknoloji.com\/index.php\/akilli-ev-sistemleri\/#primaryimage","url":"http:\/\/www.zappteknoloji.com\/wp-content\/uploads\/2025\/12\/akilli-ev-nedir-1-2-1024x898-1.png","contentUrl":"http:\/\/www.zappteknoloji.com\/wp-content\/uploads\/2025\/12\/akilli-ev-nedir-1-2-1024x898-1.png","width":1024,"height":898},{"@type":"BreadcrumbList","@id":"http:\/\/www.zappteknoloji.com\/index.php\/akilli-ev-sistemleri\/#breadcrumb","itemListElement":[{"@type":"ListItem","position":1,"name":"Anasayfa","item":"https:\/\/www.zappteknoloji.com\/"},{"@type":"ListItem","position":2,"name":"AKILLI EV S\u0130STEMLER\u0130"}]},{"@type":"WebSite","@id":"https:\/\/www.zappteknoloji.com\/#website","url":"https:\/\/www.zappteknoloji.com\/","name":"Zapp teknoloji","description":"S\u0131n\u0131rlar\u0131 A\u015fan teknoloji, Zapp imzas\u0131yla","publisher":{"@id":"https:\/\/www.zappteknoloji.com\/#organization"},"potentialAction":[{"@type":"SearchAction","target":{"@type":"EntryPoint","urlTemplate":"https:\/\/www.zappteknoloji.com\/?s={search_term_string}"},"query-input":{"@type":"PropertyValueSpecification","valueRequired":true,"valueName":"search_term_string"}}],"inLanguage":"tr"},{"@type":"Organization","@id":"https:\/\/www.zappteknoloji.com\/#organization","name":"Zapp teknoloji","url":"https:\/\/www.zappteknoloji.com\/","logo":{"@type":"ImageObject","inLanguage":"tr","@id":"https:\/\/www.zappteknoloji.com\/#\/schema\/logo\/image\/","url":"http:\/\/www.zappteknoloji.com\/wp-content\/uploads\/2025\/12\/cropped-zapp-logo.jpg","contentUrl":"http:\/\/www.zappteknoloji.com\/wp-content\/uploads\/2025\/12\/cropped-zapp-logo.jpg","width":160,"height":78,"caption":"Zapp teknoloji "},"image":{"@id":"https:\/\/www.zappteknoloji.com\/#\/schema\/logo\/image\/"}}]}},"_links":{"self":[{"href":"http:\/\/www.zappteknoloji.com\/index.php\/wp-json\/wp\/v2\/pages\/35","targetHints":{"allow":["GET"]}}],"collection":[{"href":"http:\/\/www.zappteknoloji.com\/index.php\/wp-json\/wp\/v2\/pages"}],"about":[{"href":"http:\/\/www.zappteknoloji.com\/index.php\/wp-json\/wp\/v2\/types\/page"}],"author":[{"embeddable":true,"href":"http:\/\/www.zappteknoloji.com\/index.php\/wp-json\/wp\/v2\/users\/1"}],"replies":[{"embeddable":true,"href":"http:\/\/www.zappteknoloji.com\/index.php\/wp-json\/wp\/v2\/comments?post=35"}],"version-history":[{"count":8,"href":"http:\/\/www.zappteknoloji.com\/index.php\/wp-json\/wp\/v2\/pages\/35\/revisions"}],"predecessor-version":[{"id":320,"href":"http:\/\/www.zappteknoloji.com\/index.php\/wp-json\/wp\/v2\/pages\/35\/revisions\/320"}],"wp:attachment":[{"href":"http:\/\/www.zappteknoloji.com\/index.php\/wp-json\/wp\/v2\/media?parent=35"}],"curies":[{"name":"wp","href":"https:\/\/api.w.org\/{rel}","templated":true}]}}