{"id":25,"date":"2025-12-07T13:48:26","date_gmt":"2025-12-07T13:48:26","guid":{"rendered":"https:\/\/www.zappteknoloji.com\/?page_id=25"},"modified":"2025-12-23T21:19:18","modified_gmt":"2025-12-23T21:19:18","slug":"hakkimizda","status":"publish","type":"page","link":"http:\/\/www.zappteknoloji.com\/index.php\/hakkimizda\/","title":{"rendered":"HAKKIMIZDA"},"content":{"rendered":"\n<p><strong>Zapp Teknoloji, 2016 y\u0131l\u0131ndan bu yana bili\u015fim ve g\u00fcvenlik teknolojileri alan\u0131nda profesyonel \u00e7\u00f6z\u00fcmler sunmaktad\u0131r. Kamera sistemleri, alarm ve yang\u0131n ihbar \u00e7\u00f6z\u00fcmleri, network altyap\u0131 ve zay\u0131f ak\u0131m sistemleri ba\u015fta olmak \u00fczere, teknolojiyi g\u00fcvenli ve verimli hale getiren hizmetler sunuyoruz. Tecr\u00fcbemiz, kaliteli i\u015f\u00e7ili\u011fimiz ve g\u00fc\u00e7l\u00fc teknik deste\u011fimizle m\u00fc\u015fterilerimize uzun vadeli \u00e7\u00f6z\u00fcmler \u00fcretmeye devam ediyoruz.<\/strong><\/p>\n\n\n\n<hr class=\"wp-block-separator has-alpha-channel-opacity\"\/>\n\n\n\n<p><strong>Misyonumuz<\/strong><\/p>\n\n\n\n<p><strong>M\u00fc\u015fterilerimize;<br>g\u00fcvenilir, kaliteli, g\u00fcncel ve ihtiyaca \u00f6zel teknoloji \u00e7\u00f6z\u00fcmleri sunarak, ya\u015fam ve \u00e7al\u0131\u015fma alanlar\u0131n\u0131 daha g\u00fcvenli hale getirmek.<br>Sat\u0131\u015f \u00f6ncesi dan\u0131\u015fmanl\u0131ktan, kurulum ve sat\u0131\u015f sonras\u0131 deste\u011fe kadar her a\u015famada d\u00fcr\u00fcst ve \u00e7\u00f6z\u00fcm odakl\u0131 hizmet anlay\u0131\u015f\u0131yla hareket etmek.<\/strong><\/p>\n\n\n\n<hr class=\"wp-block-separator has-alpha-channel-opacity\"\/>\n\n\n\n<p><strong>Vizyonumuz<\/strong><\/p>\n\n\n\n<p><strong>Teknolojinin h\u0131zla geli\u015fti\u011fi d\u00fcnyada, s\u00fcrekli kendini yenileyen, g\u00fcvenlik ve bili\u015fim alan\u0131nda tercih edilen, \u00f6rnek g\u00f6sterilen ve g\u00fcven duyulan bir marka olmak.<\/strong><br><strong>Zapp Teknoloji\u2019yi sekt\u00f6rde kalite ve g\u00fcven ile an\u0131lan bir firma haline getirmek.<\/strong><\/p>\n\n\n\n<hr class=\"wp-block-separator has-alpha-channel-opacity\"\/>\n\n\n\n<p><strong>De\u011ferlerimiz<\/strong><\/p>\n\n\n\n<p>\u2705 <strong>G\u00fcvenilirlik<\/strong><\/p>\n\n\n\n<p>\u2705 <strong>Kaliteli i\u015f\u00e7ilik ve do\u011fru \u00fcr\u00fcn se\u00e7imi<\/strong><\/p>\n\n\n\n<p>\u2705 <strong>M\u00fc\u015fteri memnuniyeti odakl\u0131 hizmet<\/strong><\/p>\n\n\n\n<p>\u2705 <strong>S\u00fcrekli geli\u015fim ve g\u00fcncel teknoloji<\/strong><\/p>\n\n\n\n<p>\u2705<strong> Sat\u0131\u015f sonras\u0131 g\u00fc\u00e7l\u00fc destek<\/strong><\/p>\n\n\n\n<hr class=\"wp-block-separator has-alpha-channel-opacity\"\/>\n\n\n\n<p><\/p>\n\n\n\n<blockquote class=\"wp-block-quote is-layout-flow wp-block-quote-is-layout-flow\">\n<p><strong>2016\u2019dan bug\u00fcne edindi\u011fimiz tecr\u00fcbe ile teknolojiyi sizin i\u00e7in g\u00fcvene d\u00f6n\u00fc\u015ft\u00fcr\u00fcyoruz<\/strong><\/p>\n<\/blockquote>\n\n\n\n<p><\/p>\n\n<div class=\"zapp-header-marquee\">\n  <div class=\"zapp-header-track\">\n\n    <div class=\"zapp-item\"><div class=\"zapp-title\">HIKVISION<\/div><div class=\"zapp-desc\">G\u00fcvenlik Kamera Sistemleri<\/div><\/div>\n    <div class=\"zapp-item\"><div class=\"zapp-title\">DAHUA<\/div><div class=\"zapp-desc\">IP Kamera Sistemleri<\/div><\/div>\n    <div class=\"zapp-item\"><div class=\"zapp-title\">AJAX<\/div><div class=\"zapp-desc\">Kablosuz Alarm Sistemleri<\/div><\/div>\n    <div class=\"zapp-item\"><div class=\"zapp-title\">PARADOX<\/div><div class=\"zapp-desc\">Alarm Panel Sistemleri<\/div><\/div>\n    <div class=\"zapp-item\"><div class=\"zapp-title\">TP-LINK<\/div><div class=\"zapp-desc\">Network Sistemleri<\/div><\/div>\n\n    <!-- TEKRAR -->\n    <div class=\"zapp-item\"><div class=\"zapp-title\">HIKVISION<\/div><div class=\"zapp-desc\">G\u00fcvenlik Kamera Sistemleri<\/div><\/div>\n    <div class=\"zapp-item\"><div class=\"zapp-title\">DAHUA<\/div><div class=\"zapp-desc\">IP Kamera Sistemleri<\/div><\/div>\n    <div class=\"zapp-item\"><div class=\"zapp-title\">AJAX<\/div><div class=\"zapp-desc\">Kablosuz Alarm Sistemleri<\/div><\/div>\n    <div class=\"zapp-item\"><div class=\"zapp-title\">PARADOX<\/div><div class=\"zapp-desc\">Alarm Panel Sistemleri<\/div><\/div>\n    <div class=\"zapp-item\"><div class=\"zapp-title\">TP-LINK<\/div><div class=\"zapp-desc\">Network Sistemleri<\/div><\/div>\n\n  <\/div>\n<\/div>\n","protected":false},"excerpt":{"rendered":"<p>Zapp Teknoloji, 2016 y\u0131l\u0131ndan bu yana bili\u015fim ve g\u00fcvenlik teknolojileri alan\u0131nda profesyonel \u00e7\u00f6z\u00fcmler sunmaktad\u0131r. Kamera sistemleri, alarm ve yang\u0131n ihbar \u00e7\u00f6z\u00fcmleri, network altyap\u0131 ve zay\u0131f [&hellip;]<\/p>\n","protected":false},"author":1,"featured_media":0,"parent":0,"menu_order":0,"comment_status":"closed","ping_status":"closed","template":"","meta":{"footnotes":""},"class_list":["post-25","page","type-page","status-publish","hentry"],"yoast_head":"<!-- This site is optimized with the Yoast SEO plugin v27.5 - https:\/\/yoast.com\/product\/yoast-seo-wordpress\/ -->\n<title>HAKKIMIZDA - Zapp teknoloji<\/title>\n<meta name=\"robots\" content=\"index, follow, max-snippet:-1, max-image-preview:large, max-video-preview:-1\" \/>\n<link rel=\"canonical\" href=\"http:\/\/www.zappteknoloji.com\/index.php\/hakkimizda\/\" \/>\n<meta property=\"og:locale\" content=\"tr_TR\" \/>\n<meta property=\"og:type\" content=\"article\" \/>\n<meta property=\"og:title\" content=\"HAKKIMIZDA - Zapp teknoloji\" \/>\n<meta property=\"og:description\" content=\"Zapp Teknoloji, 2016 y\u0131l\u0131ndan bu yana bili\u015fim ve g\u00fcvenlik teknolojileri alan\u0131nda profesyonel \u00e7\u00f6z\u00fcmler sunmaktad\u0131r. Kamera sistemleri, alarm ve yang\u0131n ihbar \u00e7\u00f6z\u00fcmleri, network altyap\u0131 ve zay\u0131f [&hellip;]\" \/>\n<meta property=\"og:url\" content=\"http:\/\/www.zappteknoloji.com\/index.php\/hakkimizda\/\" \/>\n<meta property=\"og:site_name\" content=\"Zapp teknoloji\" \/>\n<meta property=\"article:modified_time\" content=\"2025-12-23T21:19:18+00:00\" \/>\n<meta name=\"twitter:card\" content=\"summary_large_image\" \/>\n<meta name=\"twitter:label1\" content=\"Tahmini okuma s\u00fcresi\" \/>\n\t<meta name=\"twitter:data1\" content=\"1 dakika\" \/>\n<script type=\"application\/ld+json\" class=\"yoast-schema-graph\">{\"@context\":\"https:\\\/\\\/schema.org\",\"@graph\":[{\"@type\":\"WebPage\",\"@id\":\"http:\\\/\\\/www.zappteknoloji.com\\\/index.php\\\/hakkimizda\\\/\",\"url\":\"http:\\\/\\\/www.zappteknoloji.com\\\/index.php\\\/hakkimizda\\\/\",\"name\":\"HAKKIMIZDA - Zapp teknoloji\",\"isPartOf\":{\"@id\":\"https:\\\/\\\/www.zappteknoloji.com\\\/#website\"},\"datePublished\":\"2025-12-07T13:48:26+00:00\",\"dateModified\":\"2025-12-23T21:19:18+00:00\",\"breadcrumb\":{\"@id\":\"http:\\\/\\\/www.zappteknoloji.com\\\/index.php\\\/hakkimizda\\\/#breadcrumb\"},\"inLanguage\":\"tr\",\"potentialAction\":[{\"@type\":\"ReadAction\",\"target\":[\"http:\\\/\\\/www.zappteknoloji.com\\\/index.php\\\/hakkimizda\\\/\"]}]},{\"@type\":\"BreadcrumbList\",\"@id\":\"http:\\\/\\\/www.zappteknoloji.com\\\/index.php\\\/hakkimizda\\\/#breadcrumb\",\"itemListElement\":[{\"@type\":\"ListItem\",\"position\":1,\"name\":\"Anasayfa\",\"item\":\"https:\\\/\\\/www.zappteknoloji.com\\\/\"},{\"@type\":\"ListItem\",\"position\":2,\"name\":\"HAKKIMIZDA\"}]},{\"@type\":\"WebSite\",\"@id\":\"https:\\\/\\\/www.zappteknoloji.com\\\/#website\",\"url\":\"https:\\\/\\\/www.zappteknoloji.com\\\/\",\"name\":\"Zapp teknoloji\",\"description\":\"S\u0131n\u0131rlar\u0131 A\u015fan teknoloji, Zapp imzas\u0131yla\",\"publisher\":{\"@id\":\"https:\\\/\\\/www.zappteknoloji.com\\\/#organization\"},\"potentialAction\":[{\"@type\":\"SearchAction\",\"target\":{\"@type\":\"EntryPoint\",\"urlTemplate\":\"https:\\\/\\\/www.zappteknoloji.com\\\/?s={search_term_string}\"},\"query-input\":{\"@type\":\"PropertyValueSpecification\",\"valueRequired\":true,\"valueName\":\"search_term_string\"}}],\"inLanguage\":\"tr\"},{\"@type\":\"Organization\",\"@id\":\"https:\\\/\\\/www.zappteknoloji.com\\\/#organization\",\"name\":\"Zapp teknoloji\",\"url\":\"https:\\\/\\\/www.zappteknoloji.com\\\/\",\"logo\":{\"@type\":\"ImageObject\",\"inLanguage\":\"tr\",\"@id\":\"https:\\\/\\\/www.zappteknoloji.com\\\/#\\\/schema\\\/logo\\\/image\\\/\",\"url\":\"http:\\\/\\\/www.zappteknoloji.com\\\/wp-content\\\/uploads\\\/2025\\\/12\\\/cropped-zapp-logo.jpg\",\"contentUrl\":\"http:\\\/\\\/www.zappteknoloji.com\\\/wp-content\\\/uploads\\\/2025\\\/12\\\/cropped-zapp-logo.jpg\",\"width\":160,\"height\":78,\"caption\":\"Zapp teknoloji \"},\"image\":{\"@id\":\"https:\\\/\\\/www.zappteknoloji.com\\\/#\\\/schema\\\/logo\\\/image\\\/\"}}]}<\/script>\n<!-- \/ Yoast SEO plugin. -->","yoast_head_json":{"title":"HAKKIMIZDA - Zapp teknoloji","robots":{"index":"index","follow":"follow","max-snippet":"max-snippet:-1","max-image-preview":"max-image-preview:large","max-video-preview":"max-video-preview:-1"},"canonical":"http:\/\/www.zappteknoloji.com\/index.php\/hakkimizda\/","og_locale":"tr_TR","og_type":"article","og_title":"HAKKIMIZDA - Zapp teknoloji","og_description":"Zapp Teknoloji, 2016 y\u0131l\u0131ndan bu yana bili\u015fim ve g\u00fcvenlik teknolojileri alan\u0131nda profesyonel \u00e7\u00f6z\u00fcmler sunmaktad\u0131r. Kamera sistemleri, alarm ve yang\u0131n ihbar \u00e7\u00f6z\u00fcmleri, network altyap\u0131 ve zay\u0131f [&hellip;]","og_url":"http:\/\/www.zappteknoloji.com\/index.php\/hakkimizda\/","og_site_name":"Zapp teknoloji","article_modified_time":"2025-12-23T21:19:18+00:00","twitter_card":"summary_large_image","twitter_misc":{"Tahmini okuma s\u00fcresi":"1 dakika"},"schema":{"@context":"https:\/\/schema.org","@graph":[{"@type":"WebPage","@id":"http:\/\/www.zappteknoloji.com\/index.php\/hakkimizda\/","url":"http:\/\/www.zappteknoloji.com\/index.php\/hakkimizda\/","name":"HAKKIMIZDA - Zapp teknoloji","isPartOf":{"@id":"https:\/\/www.zappteknoloji.com\/#website"},"datePublished":"2025-12-07T13:48:26+00:00","dateModified":"2025-12-23T21:19:18+00:00","breadcrumb":{"@id":"http:\/\/www.zappteknoloji.com\/index.php\/hakkimizda\/#breadcrumb"},"inLanguage":"tr","potentialAction":[{"@type":"ReadAction","target":["http:\/\/www.zappteknoloji.com\/index.php\/hakkimizda\/"]}]},{"@type":"BreadcrumbList","@id":"http:\/\/www.zappteknoloji.com\/index.php\/hakkimizda\/#breadcrumb","itemListElement":[{"@type":"ListItem","position":1,"name":"Anasayfa","item":"https:\/\/www.zappteknoloji.com\/"},{"@type":"ListItem","position":2,"name":"HAKKIMIZDA"}]},{"@type":"WebSite","@id":"https:\/\/www.zappteknoloji.com\/#website","url":"https:\/\/www.zappteknoloji.com\/","name":"Zapp teknoloji","description":"S\u0131n\u0131rlar\u0131 A\u015fan teknoloji, Zapp imzas\u0131yla","publisher":{"@id":"https:\/\/www.zappteknoloji.com\/#organization"},"potentialAction":[{"@type":"SearchAction","target":{"@type":"EntryPoint","urlTemplate":"https:\/\/www.zappteknoloji.com\/?s={search_term_string}"},"query-input":{"@type":"PropertyValueSpecification","valueRequired":true,"valueName":"search_term_string"}}],"inLanguage":"tr"},{"@type":"Organization","@id":"https:\/\/www.zappteknoloji.com\/#organization","name":"Zapp teknoloji","url":"https:\/\/www.zappteknoloji.com\/","logo":{"@type":"ImageObject","inLanguage":"tr","@id":"https:\/\/www.zappteknoloji.com\/#\/schema\/logo\/image\/","url":"http:\/\/www.zappteknoloji.com\/wp-content\/uploads\/2025\/12\/cropped-zapp-logo.jpg","contentUrl":"http:\/\/www.zappteknoloji.com\/wp-content\/uploads\/2025\/12\/cropped-zapp-logo.jpg","width":160,"height":78,"caption":"Zapp teknoloji "},"image":{"@id":"https:\/\/www.zappteknoloji.com\/#\/schema\/logo\/image\/"}}]}},"_links":{"self":[{"href":"http:\/\/www.zappteknoloji.com\/index.php\/wp-json\/wp\/v2\/pages\/25","targetHints":{"allow":["GET"]}}],"collection":[{"href":"http:\/\/www.zappteknoloji.com\/index.php\/wp-json\/wp\/v2\/pages"}],"about":[{"href":"http:\/\/www.zappteknoloji.com\/index.php\/wp-json\/wp\/v2\/types\/page"}],"author":[{"embeddable":true,"href":"http:\/\/www.zappteknoloji.com\/index.php\/wp-json\/wp\/v2\/users\/1"}],"replies":[{"embeddable":true,"href":"http:\/\/www.zappteknoloji.com\/index.php\/wp-json\/wp\/v2\/comments?post=25"}],"version-history":[{"count":3,"href":"http:\/\/www.zappteknoloji.com\/index.php\/wp-json\/wp\/v2\/pages\/25\/revisions"}],"predecessor-version":[{"id":318,"href":"http:\/\/www.zappteknoloji.com\/index.php\/wp-json\/wp\/v2\/pages\/25\/revisions\/318"}],"wp:attachment":[{"href":"http:\/\/www.zappteknoloji.com\/index.php\/wp-json\/wp\/v2\/media?parent=25"}],"curies":[{"name":"wp","href":"https:\/\/api.w.org\/{rel}","templated":true}]}}